{"id":6616,"date":"2021-09-15T10:09:35","date_gmt":"2021-09-15T10:09:35","guid":{"rendered":"https:\/\/www.hdbrazing.com\/milieu-en-omgeving\/"},"modified":"2025-06-04T13:02:30","modified_gmt":"2025-06-04T13:02:30","slug":"umwelt-und-umgebung","status":"publish","type":"page","link":"https:\/\/www.hdbrazing.com\/de\/umwelt-und-umgebung\/","title":{"rendered":"umwelt und Umgebung"},"content":{"rendered":"\t\t<div data-elementor-type=\"wp-page\" data-elementor-id=\"6616\" class=\"elementor elementor-6616 elementor-5863\" data-elementor-post-type=\"page\">\n\t\t\t\t\t\t<section class=\"elementor-section elementor-top-section elementor-element elementor-element-18d580cd elementor-section-height-min-height overlay elementor-section-items-bottom elementor-section-boxed elementor-section-height-default\" data-id=\"18d580cd\" data-element_type=\"section\" data-e-type=\"section\" data-settings=\"{&quot;background_background&quot;:&quot;classic&quot;}\">\n\t\t\t\t\t\t\t<div class=\"elementor-background-overlay\"><\/div>\n\t\t\t\t\t\t\t<div class=\"elementor-container elementor-column-gap-default\">\n\t\t\t\t\t<div class=\"elementor-column elementor-col-100 elementor-top-column elementor-element elementor-element-2a655033\" data-id=\"2a655033\" data-element_type=\"column\" data-e-type=\"column\">\n\t\t\t<div class=\"elementor-widget-wrap elementor-element-populated\">\n\t\t\t\t\t\t<div class=\"elementor-element elementor-element-7c4c1bb6 elementor-widget elementor-widget-heading\" data-id=\"7c4c1bb6\" data-element_type=\"widget\" data-e-type=\"widget\" data-widget_type=\"heading.default\">\n\t\t\t\t<div class=\"elementor-widget-container\">\n\t\t\t\t\t<h1 class=\"elementor-heading-title elementor-size-default\">Umwelt und Umgebung<\/h1>\t\t\t\t<\/div>\n\t\t\t\t<\/div>\n\t\t\t\t<section class=\"elementor-section elementor-inner-section elementor-element elementor-element-37076590 elementor-section-boxed elementor-section-height-default elementor-section-height-default\" data-id=\"37076590\" data-element_type=\"section\" data-e-type=\"section\">\n\t\t\t\t\t\t<div class=\"elementor-container elementor-column-gap-no\">\n\t\t\t\t\t<div class=\"elementor-column elementor-col-33 elementor-inner-column elementor-element elementor-element-30b2426e\" data-id=\"30b2426e\" data-element_type=\"column\" data-e-type=\"column\">\n\t\t\t<div class=\"elementor-widget-wrap\">\n\t\t\t\t\t\t\t<\/div>\n\t\t<\/div>\n\t\t\t\t<div class=\"elementor-column elementor-col-33 elementor-inner-column elementor-element elementor-element-21fb789a\" data-id=\"21fb789a\" data-element_type=\"column\" data-e-type=\"column\">\n\t\t\t<div class=\"elementor-widget-wrap\">\n\t\t\t\t\t\t\t<\/div>\n\t\t<\/div>\n\t\t\t\t<div class=\"elementor-column elementor-col-33 elementor-inner-column elementor-element elementor-element-74b50bac\" data-id=\"74b50bac\" data-element_type=\"column\" data-e-type=\"column\" data-settings=\"{&quot;background_background&quot;:&quot;classic&quot;}\">\n\t\t\t<div class=\"elementor-widget-wrap elementor-element-populated\">\n\t\t\t\t\t\t<div class=\"elementor-element elementor-element-212a24e6 elementor-widget elementor-widget-heading\" data-id=\"212a24e6\" data-element_type=\"widget\" data-e-type=\"widget\" data-widget_type=\"heading.default\">\n\t\t\t\t<div class=\"elementor-widget-container\">\n\t\t\t\t\t<span class=\"elementor-heading-title elementor-size-default\">Teil des Aalberts<\/span>\t\t\t\t<\/div>\n\t\t\t\t<\/div>\n\t\t\t\t<div class=\"elementor-element elementor-element-4e4ba36d elementor-widget elementor-widget-text-editor\" data-id=\"4e4ba36d\" data-element_type=\"widget\" data-e-type=\"widget\" data-widget_type=\"text-editor.default\">\n\t\t\t\t<div class=\"elementor-widget-container\">\n\t\t\t\t\t\t\t\t\t<p>HD Brazing\u00ae ist ein Markenzeichen, eingetragen von Aalberts Surface Technologies Eindhoven B.V. Aalberts Surface Technologies ist Teil des weltweit t\u00e4tigen Industriespezialisten Aalberts N.V. Mehr als 14.000 Menschen arbeiten f\u00fcr Aalberts in mehr als 50 L\u00e4ndern.<\/p>\t\t\t\t\t\t\t\t<\/div>\n\t\t\t\t<\/div>\n\t\t\t\t\t<\/div>\n\t\t<\/div>\n\t\t\t\t\t<\/div>\n\t\t<\/section>\n\t\t\t\t\t<\/div>\n\t\t<\/div>\n\t\t\t\t\t<\/div>\n\t\t<\/section>\n\t\t\t\t<section class=\"elementor-section elementor-top-section elementor-element elementor-element-2bc94afe elementor-section-boxed elementor-section-height-default elementor-section-height-default\" data-id=\"2bc94afe\" data-element_type=\"section\" data-e-type=\"section\">\n\t\t\t\t\t\t<div class=\"elementor-container elementor-column-gap-default\">\n\t\t\t\t\t<div class=\"elementor-column elementor-col-50 elementor-top-column elementor-element elementor-element-25e71634\" data-id=\"25e71634\" data-element_type=\"column\" data-e-type=\"column\">\n\t\t\t<div class=\"elementor-widget-wrap elementor-element-populated\">\n\t\t\t\t\t\t<div class=\"elementor-element elementor-element-7952eabb elementor-widget elementor-widget-heading\" data-id=\"7952eabb\" data-element_type=\"widget\" data-e-type=\"widget\" data-widget_type=\"heading.default\">\n\t\t\t\t<div class=\"elementor-widget-container\">\n\t\t\t\t\t<h2 class=\"elementor-heading-title elementor-size-default\">umwelt und Umgebung<\/h2>\t\t\t\t<\/div>\n\t\t\t\t<\/div>\n\t\t\t\t<div class=\"elementor-element elementor-element-77c44ed9 elementor-widget elementor-widget-text-editor\" data-id=\"77c44ed9\" data-element_type=\"widget\" data-e-type=\"widget\" data-widget_type=\"text-editor.default\">\n\t\t\t\t<div class=\"elementor-widget-container\">\n\t\t\t\t\t\t\t\t\t<p>Aalberts Surface Technologies Eindhoven B.V. ist bestrebt, auf m\u00f6glichst umweltfreundliche Weise zu produzieren. Das HD Brazing\u00ae-Verfahren ist au\u00dferdem umweltfreundlich.<\/p>\t\t\t\t\t\t\t\t<\/div>\n\t\t\t\t<\/div>\n\t\t\t\t\t<\/div>\n\t\t<\/div>\n\t\t\t\t<div class=\"elementor-column elementor-col-50 elementor-top-column elementor-element elementor-element-358846c0\" data-id=\"358846c0\" data-element_type=\"column\" data-e-type=\"column\">\n\t\t\t<div class=\"elementor-widget-wrap\">\n\t\t\t\t\t\t\t<\/div>\n\t\t<\/div>\n\t\t\t\t\t<\/div>\n\t\t<\/section>\n\t\t\t\t<section class=\"elementor-section elementor-top-section elementor-element elementor-element-9df4d89 elementor-section-boxed elementor-section-height-default elementor-section-height-default\" data-id=\"9df4d89\" data-element_type=\"section\" data-e-type=\"section\">\n\t\t\t\t\t\t<div class=\"elementor-container elementor-column-gap-default\">\n\t\t\t\t\t<div class=\"elementor-column elementor-col-100 elementor-top-column elementor-element elementor-element-d24d3eb\" data-id=\"d24d3eb\" data-element_type=\"column\" data-e-type=\"column\">\n\t\t\t<div class=\"elementor-widget-wrap elementor-element-populated\">\n\t\t\t\t\t\t<div class=\"elementor-element elementor-element-c5c05bc elementor-widget elementor-widget-image\" data-id=\"c5c05bc\" data-element_type=\"widget\" data-e-type=\"widget\" data-widget_type=\"image.default\">\n\t\t\t\t<div class=\"elementor-widget-container\">\n\t\t\t\t\t\t\t\t\t\t\t\t\t\t\t<img fetchpriority=\"high\" decoding=\"async\" width=\"242\" height=\"216\" src=\"https:\/\/www.hdbrazing.com\/wp-content\/uploads\/2025\/06\/knipsel-ecovadis-silver.jpg\" class=\"attachment-large size-large wp-image-7247\" alt=\"\" \/>\t\t\t\t\t\t\t\t\t\t\t\t\t\t\t<\/div>\n\t\t\t\t<\/div>\n\t\t\t\t\t<\/div>\n\t\t<\/div>\n\t\t\t\t\t<\/div>\n\t\t<\/section>\n\t\t\t\t<\/div>\n\t\t","protected":false},"excerpt":{"rendered":"<p>Umwelt und Umgebung Teil des Aalberts HD Brazing\u00ae ist ein Markenzeichen, eingetragen von Aalberts Surface Technologies Eindhoven B.V. Aalberts Surface Technologies ist Teil des weltweit t\u00e4tigen Industriespezialisten Aalberts N.V. Mehr als 14.000 Menschen arbeiten f\u00fcr Aalberts in mehr als 50 L\u00e4ndern. umwelt und Umgebung Aalberts Surface Technologies Eindhoven B.V. ist bestrebt, auf m\u00f6glichst umweltfreundliche Weise [&hellip;]<\/p>\n","protected":false},"author":2,"featured_media":0,"parent":0,"menu_order":0,"comment_status":"closed","ping_status":"closed","template":"","meta":{"inline_featured_image":false,"site-sidebar-layout":"no-sidebar","site-content-layout":"page-builder","ast-site-content-layout":"default","site-content-style":"default","site-sidebar-style":"default","ast-global-header-display":"","ast-banner-title-visibility":"","ast-main-header-display":"","ast-hfb-above-header-display":"","ast-hfb-below-header-display":"","ast-hfb-mobile-header-display":"","site-post-title":"disabled","ast-breadcrumbs-content":"","ast-featured-img":"disabled","footer-sml-layout":"","ast-disable-related-posts":"","theme-transparent-header-meta":"","adv-header-id-meta":"","stick-header-meta":"","header-above-stick-meta":"","header-main-stick-meta":"","header-below-stick-meta":"","astra-migrate-meta-layouts":"default","ast-page-background-enabled":"default","ast-page-background-meta":{"desktop":{"background-color":"var(--ast-global-color-4)","background-image":"","background-repeat":"repeat","background-position":"center center","background-size":"auto","background-attachment":"scroll","background-type":"","background-media":"","overlay-type":"","overlay-color":"","overlay-opacity":"","overlay-gradient":""},"tablet":{"background-color":"","background-image":"","background-repeat":"repeat","background-position":"center center","background-size":"auto","background-attachment":"scroll","background-type":"","background-media":"","overlay-type":"","overlay-color":"","overlay-opacity":"","overlay-gradient":""},"mobile":{"background-color":"","background-image":"","background-repeat":"repeat","background-position":"center center","background-size":"auto","background-attachment":"scroll","background-type":"","background-media":"","overlay-type":"","overlay-color":"","overlay-opacity":"","overlay-gradient":""}},"ast-content-background-meta":{"desktop":{"background-color":"var(--ast-global-color-5)","background-image":"","background-repeat":"repeat","background-position":"center center","background-size":"auto","background-attachment":"scroll","background-type":"","background-media":"","overlay-type":"","overlay-color":"","overlay-opacity":"","overlay-gradient":""},"tablet":{"background-color":"var(--ast-global-color-5)","background-image":"","background-repeat":"repeat","background-position":"center center","background-size":"auto","background-attachment":"scroll","background-type":"","background-media":"","overlay-type":"","overlay-color":"","overlay-opacity":"","overlay-gradient":""},"mobile":{"background-color":"var(--ast-global-color-5)","background-image":"","background-repeat":"repeat","background-position":"center center","background-size":"auto","background-attachment":"scroll","background-type":"","background-media":"","overlay-type":"","overlay-color":"","overlay-opacity":"","overlay-gradient":""}},"footnotes":""},"class_list":["post-6616","page","type-page","status-publish","hentry"],"yoast_head":"<!-- This site is optimized with the Yoast SEO plugin v27.4 - https:\/\/yoast.com\/product\/yoast-seo-wordpress\/ -->\n<title>umwelt und Umgebung - HD Brazing&reg; onderdeel van Aalberts Surface Technologies<\/title>\n<meta name=\"robots\" content=\"index, follow, max-snippet:-1, max-image-preview:large, max-video-preview:-1\" \/>\n<link rel=\"canonical\" href=\"https:\/\/www.hdbrazing.com\/de\/umwelt-und-umgebung\/\" \/>\n<meta property=\"og:locale\" content=\"de_DE\" \/>\n<meta property=\"og:type\" content=\"article\" \/>\n<meta property=\"og:title\" content=\"umwelt und Umgebung - HD Brazing&reg; onderdeel van Aalberts Surface Technologies\" \/>\n<meta property=\"og:description\" content=\"Umwelt und Umgebung Teil des Aalberts HD Brazing\u00ae ist ein Markenzeichen, eingetragen von Aalberts Surface Technologies Eindhoven B.V. Aalberts Surface Technologies ist Teil des weltweit t\u00e4tigen Industriespezialisten Aalberts N.V. Mehr als 14.000 Menschen arbeiten f\u00fcr Aalberts in mehr als 50 L\u00e4ndern. umwelt und Umgebung Aalberts Surface Technologies Eindhoven B.V. ist bestrebt, auf m\u00f6glichst umweltfreundliche Weise [&hellip;]\" \/>\n<meta property=\"og:url\" content=\"https:\/\/www.hdbrazing.com\/de\/umwelt-und-umgebung\/\" \/>\n<meta property=\"og:site_name\" content=\"HD Brazing&reg; onderdeel van Aalberts Surface Technologies\" \/>\n<meta property=\"article:modified_time\" content=\"2025-06-04T13:02:30+00:00\" \/>\n<meta property=\"og:image\" content=\"https:\/\/www.hdbrazing.com\/wp-content\/uploads\/2025\/06\/knipsel-ecovadis-silver.jpg\" \/>\n\t<meta property=\"og:image:width\" content=\"242\" \/>\n\t<meta property=\"og:image:height\" content=\"216\" \/>\n\t<meta property=\"og:image:type\" content=\"image\/jpeg\" \/>\n<meta name=\"twitter:card\" content=\"summary_large_image\" \/>\n<meta name=\"twitter:label1\" content=\"Gesch\u00e4tzte Lesezeit\" \/>\n\t<meta name=\"twitter:data1\" content=\"1\u00a0Minute\" \/>\n<script type=\"application\/ld+json\" class=\"yoast-schema-graph\">{\"@context\":\"https:\\\/\\\/schema.org\",\"@graph\":[{\"@type\":\"WebPage\",\"@id\":\"https:\\\/\\\/www.hdbrazing.com\\\/de\\\/umwelt-und-umgebung\\\/\",\"url\":\"https:\\\/\\\/www.hdbrazing.com\\\/de\\\/umwelt-und-umgebung\\\/\",\"name\":\"umwelt und Umgebung - HD Brazing&reg; onderdeel van Aalberts Surface Technologies\",\"isPartOf\":{\"@id\":\"https:\\\/\\\/www.hdbrazing.com\\\/#website\"},\"primaryImageOfPage\":{\"@id\":\"https:\\\/\\\/www.hdbrazing.com\\\/de\\\/umwelt-und-umgebung\\\/#primaryimage\"},\"image\":{\"@id\":\"https:\\\/\\\/www.hdbrazing.com\\\/de\\\/umwelt-und-umgebung\\\/#primaryimage\"},\"thumbnailUrl\":\"https:\\\/\\\/www.hdbrazing.com\\\/wp-content\\\/uploads\\\/2025\\\/06\\\/knipsel-ecovadis-silver.jpg\",\"datePublished\":\"2021-09-15T10:09:35+00:00\",\"dateModified\":\"2025-06-04T13:02:30+00:00\",\"breadcrumb\":{\"@id\":\"https:\\\/\\\/www.hdbrazing.com\\\/de\\\/umwelt-und-umgebung\\\/#breadcrumb\"},\"inLanguage\":\"de\",\"potentialAction\":[{\"@type\":\"ReadAction\",\"target\":[\"https:\\\/\\\/www.hdbrazing.com\\\/de\\\/umwelt-und-umgebung\\\/\"]}]},{\"@type\":\"ImageObject\",\"inLanguage\":\"de\",\"@id\":\"https:\\\/\\\/www.hdbrazing.com\\\/de\\\/umwelt-und-umgebung\\\/#primaryimage\",\"url\":\"https:\\\/\\\/www.hdbrazing.com\\\/wp-content\\\/uploads\\\/2025\\\/06\\\/knipsel-ecovadis-silver.jpg\",\"contentUrl\":\"https:\\\/\\\/www.hdbrazing.com\\\/wp-content\\\/uploads\\\/2025\\\/06\\\/knipsel-ecovadis-silver.jpg\"},{\"@type\":\"BreadcrumbList\",\"@id\":\"https:\\\/\\\/www.hdbrazing.com\\\/de\\\/umwelt-und-umgebung\\\/#breadcrumb\",\"itemListElement\":[{\"@type\":\"ListItem\",\"position\":1,\"name\":\"Home\",\"item\":\"https:\\\/\\\/www.hdbrazing.com\\\/de\\\/\"},{\"@type\":\"ListItem\",\"position\":2,\"name\":\"umwelt und Umgebung\"}]},{\"@type\":\"WebSite\",\"@id\":\"https:\\\/\\\/www.hdbrazing.com\\\/#website\",\"url\":\"https:\\\/\\\/www.hdbrazing.com\\\/\",\"name\":\"HD Brazing&reg; onderdeel van Aalberts Surface Technologies\",\"description\":\"HD Brazing&reg; is een door Aalberts Surface Technologies Eindhoven B.V. ontwikkeld proced&eacute; op het gebied van hoogtemperatuur \\\/ vacu&uuml;msolderen.\",\"publisher\":{\"@id\":\"https:\\\/\\\/www.hdbrazing.com\\\/#organization\"},\"potentialAction\":[{\"@type\":\"SearchAction\",\"target\":{\"@type\":\"EntryPoint\",\"urlTemplate\":\"https:\\\/\\\/www.hdbrazing.com\\\/?s={search_term_string}\"},\"query-input\":{\"@type\":\"PropertyValueSpecification\",\"valueRequired\":true,\"valueName\":\"search_term_string\"}}],\"inLanguage\":\"de\"},{\"@type\":\"Organization\",\"@id\":\"https:\\\/\\\/www.hdbrazing.com\\\/#organization\",\"name\":\"HD Brazing&reg; onderdeel van Aalberts Surface Technologies\",\"url\":\"https:\\\/\\\/www.hdbrazing.com\\\/\",\"logo\":{\"@type\":\"ImageObject\",\"inLanguage\":\"de\",\"@id\":\"https:\\\/\\\/www.hdbrazing.com\\\/#\\\/schema\\\/logo\\\/image\\\/\",\"url\":\"https:\\\/\\\/www.hdbrazing.com\\\/wp-content\\\/uploads\\\/2021\\\/09\\\/logo-2.svg\",\"contentUrl\":\"https:\\\/\\\/www.hdbrazing.com\\\/wp-content\\\/uploads\\\/2021\\\/09\\\/logo-2.svg\",\"width\":152,\"height\":61,\"caption\":\"HD Brazing&reg; onderdeel van Aalberts Surface Technologies\"},\"image\":{\"@id\":\"https:\\\/\\\/www.hdbrazing.com\\\/#\\\/schema\\\/logo\\\/image\\\/\"}}]}<\/script>\n<!-- \/ Yoast SEO plugin. -->","yoast_head_json":{"title":"umwelt und Umgebung - HD Brazing&reg; onderdeel van Aalberts Surface Technologies","robots":{"index":"index","follow":"follow","max-snippet":"max-snippet:-1","max-image-preview":"max-image-preview:large","max-video-preview":"max-video-preview:-1"},"canonical":"https:\/\/www.hdbrazing.com\/de\/umwelt-und-umgebung\/","og_locale":"de_DE","og_type":"article","og_title":"umwelt und Umgebung - HD Brazing&reg; onderdeel van Aalberts Surface Technologies","og_description":"Umwelt und Umgebung Teil des Aalberts HD Brazing\u00ae ist ein Markenzeichen, eingetragen von Aalberts Surface Technologies Eindhoven B.V. Aalberts Surface Technologies ist Teil des weltweit t\u00e4tigen Industriespezialisten Aalberts N.V. Mehr als 14.000 Menschen arbeiten f\u00fcr Aalberts in mehr als 50 L\u00e4ndern. umwelt und Umgebung Aalberts Surface Technologies Eindhoven B.V. ist bestrebt, auf m\u00f6glichst umweltfreundliche Weise [&hellip;]","og_url":"https:\/\/www.hdbrazing.com\/de\/umwelt-und-umgebung\/","og_site_name":"HD Brazing&reg; onderdeel van Aalberts Surface Technologies","article_modified_time":"2025-06-04T13:02:30+00:00","og_image":[{"width":242,"height":216,"url":"https:\/\/www.hdbrazing.com\/wp-content\/uploads\/2025\/06\/knipsel-ecovadis-silver.jpg","type":"image\/jpeg"}],"twitter_card":"summary_large_image","twitter_misc":{"Gesch\u00e4tzte Lesezeit":"1\u00a0Minute"},"schema":{"@context":"https:\/\/schema.org","@graph":[{"@type":"WebPage","@id":"https:\/\/www.hdbrazing.com\/de\/umwelt-und-umgebung\/","url":"https:\/\/www.hdbrazing.com\/de\/umwelt-und-umgebung\/","name":"umwelt und Umgebung - HD Brazing&reg; onderdeel van Aalberts Surface Technologies","isPartOf":{"@id":"https:\/\/www.hdbrazing.com\/#website"},"primaryImageOfPage":{"@id":"https:\/\/www.hdbrazing.com\/de\/umwelt-und-umgebung\/#primaryimage"},"image":{"@id":"https:\/\/www.hdbrazing.com\/de\/umwelt-und-umgebung\/#primaryimage"},"thumbnailUrl":"https:\/\/www.hdbrazing.com\/wp-content\/uploads\/2025\/06\/knipsel-ecovadis-silver.jpg","datePublished":"2021-09-15T10:09:35+00:00","dateModified":"2025-06-04T13:02:30+00:00","breadcrumb":{"@id":"https:\/\/www.hdbrazing.com\/de\/umwelt-und-umgebung\/#breadcrumb"},"inLanguage":"de","potentialAction":[{"@type":"ReadAction","target":["https:\/\/www.hdbrazing.com\/de\/umwelt-und-umgebung\/"]}]},{"@type":"ImageObject","inLanguage":"de","@id":"https:\/\/www.hdbrazing.com\/de\/umwelt-und-umgebung\/#primaryimage","url":"https:\/\/www.hdbrazing.com\/wp-content\/uploads\/2025\/06\/knipsel-ecovadis-silver.jpg","contentUrl":"https:\/\/www.hdbrazing.com\/wp-content\/uploads\/2025\/06\/knipsel-ecovadis-silver.jpg"},{"@type":"BreadcrumbList","@id":"https:\/\/www.hdbrazing.com\/de\/umwelt-und-umgebung\/#breadcrumb","itemListElement":[{"@type":"ListItem","position":1,"name":"Home","item":"https:\/\/www.hdbrazing.com\/de\/"},{"@type":"ListItem","position":2,"name":"umwelt und Umgebung"}]},{"@type":"WebSite","@id":"https:\/\/www.hdbrazing.com\/#website","url":"https:\/\/www.hdbrazing.com\/","name":"HD Brazing&reg; onderdeel van Aalberts Surface Technologies","description":"HD Brazing&reg; is een door Aalberts Surface Technologies Eindhoven B.V. ontwikkeld proced&eacute; op het gebied van hoogtemperatuur \/ vacu&uuml;msolderen.","publisher":{"@id":"https:\/\/www.hdbrazing.com\/#organization"},"potentialAction":[{"@type":"SearchAction","target":{"@type":"EntryPoint","urlTemplate":"https:\/\/www.hdbrazing.com\/?s={search_term_string}"},"query-input":{"@type":"PropertyValueSpecification","valueRequired":true,"valueName":"search_term_string"}}],"inLanguage":"de"},{"@type":"Organization","@id":"https:\/\/www.hdbrazing.com\/#organization","name":"HD Brazing&reg; onderdeel van Aalberts Surface Technologies","url":"https:\/\/www.hdbrazing.com\/","logo":{"@type":"ImageObject","inLanguage":"de","@id":"https:\/\/www.hdbrazing.com\/#\/schema\/logo\/image\/","url":"https:\/\/www.hdbrazing.com\/wp-content\/uploads\/2021\/09\/logo-2.svg","contentUrl":"https:\/\/www.hdbrazing.com\/wp-content\/uploads\/2021\/09\/logo-2.svg","width":152,"height":61,"caption":"HD Brazing&reg; onderdeel van Aalberts Surface Technologies"},"image":{"@id":"https:\/\/www.hdbrazing.com\/#\/schema\/logo\/image\/"}}]}},"_links":{"self":[{"href":"https:\/\/www.hdbrazing.com\/de\/wp-json\/wp\/v2\/pages\/6616","targetHints":{"allow":["GET"]}}],"collection":[{"href":"https:\/\/www.hdbrazing.com\/de\/wp-json\/wp\/v2\/pages"}],"about":[{"href":"https:\/\/www.hdbrazing.com\/de\/wp-json\/wp\/v2\/types\/page"}],"author":[{"embeddable":true,"href":"https:\/\/www.hdbrazing.com\/de\/wp-json\/wp\/v2\/users\/2"}],"replies":[{"embeddable":true,"href":"https:\/\/www.hdbrazing.com\/de\/wp-json\/wp\/v2\/comments?post=6616"}],"version-history":[{"count":7,"href":"https:\/\/www.hdbrazing.com\/de\/wp-json\/wp\/v2\/pages\/6616\/revisions"}],"predecessor-version":[{"id":7260,"href":"https:\/\/www.hdbrazing.com\/de\/wp-json\/wp\/v2\/pages\/6616\/revisions\/7260"}],"wp:attachment":[{"href":"https:\/\/www.hdbrazing.com\/de\/wp-json\/wp\/v2\/media?parent=6616"}],"curies":[{"name":"wp","href":"https:\/\/api.w.org\/{rel}","templated":true}]}}