{"id":6664,"date":"2022-01-19T11:04:33","date_gmt":"2022-01-19T11:04:33","guid":{"rendered":"https:\/\/www.hdbrazing.com\/disclaimer\/"},"modified":"2022-01-19T13:59:38","modified_gmt":"2022-01-19T13:59:38","slug":"disclaimer","status":"publish","type":"page","link":"https:\/\/www.hdbrazing.com\/fr\/disclaimer\/","title":{"rendered":"Disclaimer"},"content":{"rendered":"\t\t<div data-elementor-type=\"wp-page\" data-elementor-id=\"6664\" class=\"elementor elementor-6664 elementor-6635\" data-elementor-post-type=\"page\">\n\t\t\t\t\t\t<section class=\"elementor-section elementor-top-section elementor-element elementor-element-7ec7a54a elementor-section-height-min-height overlay elementor-section-items-bottom elementor-section-boxed elementor-section-height-default\" data-id=\"7ec7a54a\" data-element_type=\"section\" data-e-type=\"section\" data-settings=\"{&quot;background_background&quot;:&quot;classic&quot;}\">\n\t\t\t\t\t\t\t<div class=\"elementor-background-overlay\"><\/div>\n\t\t\t\t\t\t\t<div class=\"elementor-container elementor-column-gap-default\">\n\t\t\t\t\t<div class=\"elementor-column elementor-col-100 elementor-top-column elementor-element elementor-element-a70a302\" data-id=\"a70a302\" data-element_type=\"column\" data-e-type=\"column\">\n\t\t\t<div class=\"elementor-widget-wrap elementor-element-populated\">\n\t\t\t\t\t\t<div class=\"elementor-element elementor-element-794cc02d elementor-widget elementor-widget-heading\" data-id=\"794cc02d\" data-element_type=\"widget\" data-e-type=\"widget\" data-widget_type=\"heading.default\">\n\t\t\t\t<div class=\"elementor-widget-container\">\n\t\t\t\t\t<h2 class=\"elementor-heading-title elementor-size-default\">Disclaimer<\/h2>\t\t\t\t<\/div>\n\t\t\t\t<\/div>\n\t\t\t\t<section class=\"elementor-section elementor-inner-section elementor-element elementor-element-644650aa elementor-section-boxed elementor-section-height-default elementor-section-height-default\" data-id=\"644650aa\" data-element_type=\"section\" data-e-type=\"section\">\n\t\t\t\t\t\t<div class=\"elementor-container elementor-column-gap-no\">\n\t\t\t\t\t<div class=\"elementor-column elementor-col-33 elementor-inner-column elementor-element elementor-element-39e9aab7\" data-id=\"39e9aab7\" data-element_type=\"column\" data-e-type=\"column\">\n\t\t\t<div class=\"elementor-widget-wrap\">\n\t\t\t\t\t\t\t<\/div>\n\t\t<\/div>\n\t\t\t\t<div class=\"elementor-column elementor-col-33 elementor-inner-column elementor-element elementor-element-4db09f9d\" data-id=\"4db09f9d\" data-element_type=\"column\" data-e-type=\"column\">\n\t\t\t<div class=\"elementor-widget-wrap\">\n\t\t\t\t\t\t\t<\/div>\n\t\t<\/div>\n\t\t\t\t<div class=\"elementor-column elementor-col-33 elementor-inner-column elementor-element elementor-element-6a0dce15\" data-id=\"6a0dce15\" data-element_type=\"column\" data-e-type=\"column\" data-settings=\"{&quot;background_background&quot;:&quot;classic&quot;}\">\n\t\t\t<div class=\"elementor-widget-wrap elementor-element-populated\">\n\t\t\t\t\t\t<div class=\"elementor-element elementor-element-d028684 elementor-widget elementor-widget-heading\" data-id=\"d028684\" data-element_type=\"widget\" data-e-type=\"widget\" data-widget_type=\"heading.default\">\n\t\t\t\t<div class=\"elementor-widget-container\">\n\t\t\t\t\t<h2 class=\"elementor-heading-title elementor-size-default\">Partie des Aalberts<\/h2>\t\t\t\t<\/div>\n\t\t\t\t<\/div>\n\t\t\t\t<div class=\"elementor-element elementor-element-7a1497d elementor-widget elementor-widget-text-editor\" data-id=\"7a1497d\" data-element_type=\"widget\" data-e-type=\"widget\" data-widget_type=\"text-editor.default\">\n\t\t\t\t<div class=\"elementor-widget-container\">\n\t\t\t\t\t\t\t\t\t<p>HD Brazing\u00ae est une marque unique d\u00e9pos\u00e9e par Aalberts Surface Technologies. Aalberts Surface Technologies fait partie du sp\u00e9cialiste industriel mondial Aalberts N.V.. Plus de 14 000 personnes travaillent pour Aalberts dans plus de 50 pays.<\/p>\t\t\t\t\t\t\t\t<\/div>\n\t\t\t\t<\/div>\n\t\t\t\t\t<\/div>\n\t\t<\/div>\n\t\t\t\t\t<\/div>\n\t\t<\/section>\n\t\t\t\t\t<\/div>\n\t\t<\/div>\n\t\t\t\t\t<\/div>\n\t\t<\/section>\n\t\t\t\t<section class=\"elementor-section elementor-top-section elementor-element elementor-element-2edca64 elementor-section-boxed elementor-section-height-default elementor-section-height-default\" data-id=\"2edca64\" data-element_type=\"section\" data-e-type=\"section\">\n\t\t\t\t\t\t<div class=\"elementor-container elementor-column-gap-default\">\n\t\t\t\t\t<div class=\"elementor-column elementor-col-50 elementor-top-column elementor-element elementor-element-44b13b34\" data-id=\"44b13b34\" data-element_type=\"column\" data-e-type=\"column\">\n\t\t\t<div class=\"elementor-widget-wrap elementor-element-populated\">\n\t\t\t\t\t\t<div class=\"elementor-element elementor-element-9a9010 elementor-widget elementor-widget-heading\" data-id=\"9a9010\" data-element_type=\"widget\" data-e-type=\"widget\" data-widget_type=\"heading.default\">\n\t\t\t\t<div class=\"elementor-widget-container\">\n\t\t\t\t\t<h1 class=\"elementor-heading-title elementor-size-default\">Avis de non-responsabilit\u00e9<\/h1>\t\t\t\t<\/div>\n\t\t\t\t<\/div>\n\t\t\t\t<div class=\"elementor-element elementor-element-69f55ac0 elementor-widget elementor-widget-text-editor\" data-id=\"69f55ac0\" data-element_type=\"widget\" data-e-type=\"widget\" data-widget_type=\"text-editor.default\">\n\t\t\t\t<div class=\"elementor-widget-container\">\n\t\t\t\t\t\t\t\t\t<p>Toutes les valeurs\/propri\u00e9t\u00e9s indiqu\u00e9es dans la brochure\/site web d\u00e9pendent du type et de l&rsquo;\u00e9tat du mat\u00e9riau. Le traitement et la sp\u00e9cification des produits finis doivent \u00eatre d\u00e9termin\u00e9s au pr\u00e9alable en accord avec Aalberts Surface Technologies Eindhoven B.V.<\/p>\t\t\t\t\t\t\t\t<\/div>\n\t\t\t\t<\/div>\n\t\t\t\t\t<\/div>\n\t\t<\/div>\n\t\t\t\t<div class=\"elementor-column elementor-col-50 elementor-top-column elementor-element elementor-element-32bd3f01\" data-id=\"32bd3f01\" data-element_type=\"column\" data-e-type=\"column\">\n\t\t\t<div class=\"elementor-widget-wrap\">\n\t\t\t\t\t\t\t<\/div>\n\t\t<\/div>\n\t\t\t\t\t<\/div>\n\t\t<\/section>\n\t\t\t\t<\/div>\n\t\t","protected":false},"excerpt":{"rendered":"<p>Disclaimer Partie des Aalberts HD Brazing\u00ae est une marque unique d\u00e9pos\u00e9e par Aalberts Surface Technologies. Aalberts Surface Technologies fait partie du sp\u00e9cialiste industriel mondial Aalberts N.V.. Plus de 14 000 personnes travaillent pour Aalberts dans plus de 50 pays. Avis de non-responsabilit\u00e9 Toutes les valeurs\/propri\u00e9t\u00e9s indiqu\u00e9es dans la brochure\/site web d\u00e9pendent du type et de [&hellip;]<\/p>\n","protected":false},"author":2,"featured_media":0,"parent":0,"menu_order":0,"comment_status":"closed","ping_status":"closed","template":"","meta":{"inline_featured_image":false,"site-sidebar-layout":"no-sidebar","site-content-layout":"page-builder","ast-site-content-layout":"default","site-content-style":"default","site-sidebar-style":"default","ast-global-header-display":"","ast-banner-title-visibility":"","ast-main-header-display":"","ast-hfb-above-header-display":"","ast-hfb-below-header-display":"","ast-hfb-mobile-header-display":"","site-post-title":"disabled","ast-breadcrumbs-content":"","ast-featured-img":"disabled","footer-sml-layout":"","ast-disable-related-posts":"","theme-transparent-header-meta":"","adv-header-id-meta":"","stick-header-meta":"","header-above-stick-meta":"","header-main-stick-meta":"","header-below-stick-meta":"","astra-migrate-meta-layouts":"default","ast-page-background-enabled":"default","ast-page-background-meta":{"desktop":{"background-color":"var(--ast-global-color-4)","background-image":"","background-repeat":"repeat","background-position":"center center","background-size":"auto","background-attachment":"scroll","background-type":"","background-media":"","overlay-type":"","overlay-color":"","overlay-opacity":"","overlay-gradient":""},"tablet":{"background-color":"","background-image":"","background-repeat":"repeat","background-position":"center center","background-size":"auto","background-attachment":"scroll","background-type":"","background-media":"","overlay-type":"","overlay-color":"","overlay-opacity":"","overlay-gradient":""},"mobile":{"background-color":"","background-image":"","background-repeat":"repeat","background-position":"center center","background-size":"auto","background-attachment":"scroll","background-type":"","background-media":"","overlay-type":"","overlay-color":"","overlay-opacity":"","overlay-gradient":""}},"ast-content-background-meta":{"desktop":{"background-color":"var(--ast-global-color-5)","background-image":"","background-repeat":"repeat","background-position":"center center","background-size":"auto","background-attachment":"scroll","background-type":"","background-media":"","overlay-type":"","overlay-color":"","overlay-opacity":"","overlay-gradient":""},"tablet":{"background-color":"var(--ast-global-color-5)","background-image":"","background-repeat":"repeat","background-position":"center center","background-size":"auto","background-attachment":"scroll","background-type":"","background-media":"","overlay-type":"","overlay-color":"","overlay-opacity":"","overlay-gradient":""},"mobile":{"background-color":"var(--ast-global-color-5)","background-image":"","background-repeat":"repeat","background-position":"center center","background-size":"auto","background-attachment":"scroll","background-type":"","background-media":"","overlay-type":"","overlay-color":"","overlay-opacity":"","overlay-gradient":""}},"footnotes":""},"class_list":["post-6664","page","type-page","status-publish","hentry"],"yoast_head":"<!-- This site is optimized with the Yoast SEO plugin v27.3 - https:\/\/yoast.com\/product\/yoast-seo-wordpress\/ -->\n<title>Disclaimer - HD Brazing&reg; onderdeel van Aalberts Surface Technologies<\/title>\n<meta name=\"robots\" content=\"index, follow, max-snippet:-1, max-image-preview:large, max-video-preview:-1\" \/>\n<link rel=\"canonical\" href=\"https:\/\/www.hdbrazing.com\/fr\/disclaimer\/\" \/>\n<meta property=\"og:locale\" content=\"fr_FR\" \/>\n<meta property=\"og:type\" content=\"article\" \/>\n<meta property=\"og:title\" content=\"Disclaimer - HD Brazing&reg; onderdeel van Aalberts Surface Technologies\" \/>\n<meta property=\"og:description\" content=\"Disclaimer Partie des Aalberts HD Brazing\u00ae est une marque unique d\u00e9pos\u00e9e par Aalberts Surface Technologies. Aalberts Surface Technologies fait partie du sp\u00e9cialiste industriel mondial Aalberts N.V.. Plus de 14 000 personnes travaillent pour Aalberts dans plus de 50 pays. Avis de non-responsabilit\u00e9 Toutes les valeurs\/propri\u00e9t\u00e9s indiqu\u00e9es dans la brochure\/site web d\u00e9pendent du type et de [&hellip;]\" \/>\n<meta property=\"og:url\" content=\"https:\/\/www.hdbrazing.com\/fr\/disclaimer\/\" \/>\n<meta property=\"og:site_name\" content=\"HD Brazing&reg; onderdeel van Aalberts Surface Technologies\" \/>\n<meta property=\"article:modified_time\" content=\"2022-01-19T13:59:38+00:00\" \/>\n<meta name=\"twitter:card\" content=\"summary_large_image\" \/>\n<script type=\"application\/ld+json\" class=\"yoast-schema-graph\">{\"@context\":\"https:\\\/\\\/schema.org\",\"@graph\":[{\"@type\":\"WebPage\",\"@id\":\"https:\\\/\\\/www.hdbrazing.com\\\/fr\\\/disclaimer\\\/\",\"url\":\"https:\\\/\\\/www.hdbrazing.com\\\/fr\\\/disclaimer\\\/\",\"name\":\"Disclaimer - HD Brazing&reg; onderdeel van Aalberts Surface Technologies\",\"isPartOf\":{\"@id\":\"https:\\\/\\\/www.hdbrazing.com\\\/#website\"},\"datePublished\":\"2022-01-19T11:04:33+00:00\",\"dateModified\":\"2022-01-19T13:59:38+00:00\",\"breadcrumb\":{\"@id\":\"https:\\\/\\\/www.hdbrazing.com\\\/fr\\\/disclaimer\\\/#breadcrumb\"},\"inLanguage\":\"fr-FR\",\"potentialAction\":[{\"@type\":\"ReadAction\",\"target\":[\"https:\\\/\\\/www.hdbrazing.com\\\/fr\\\/disclaimer\\\/\"]}]},{\"@type\":\"BreadcrumbList\",\"@id\":\"https:\\\/\\\/www.hdbrazing.com\\\/fr\\\/disclaimer\\\/#breadcrumb\",\"itemListElement\":[{\"@type\":\"ListItem\",\"position\":1,\"name\":\"Home\",\"item\":\"https:\\\/\\\/www.hdbrazing.com\\\/fr\\\/\"},{\"@type\":\"ListItem\",\"position\":2,\"name\":\"Disclaimer\"}]},{\"@type\":\"WebSite\",\"@id\":\"https:\\\/\\\/www.hdbrazing.com\\\/#website\",\"url\":\"https:\\\/\\\/www.hdbrazing.com\\\/\",\"name\":\"HD Brazing&reg; onderdeel van Aalberts Surface Technologies\",\"description\":\"HD Brazing&reg; is een door Aalberts Surface Technologies Eindhoven B.V. ontwikkeld proced&eacute; op het gebied van hoogtemperatuur \\\/ vacu&uuml;msolderen.\",\"publisher\":{\"@id\":\"https:\\\/\\\/www.hdbrazing.com\\\/#organization\"},\"potentialAction\":[{\"@type\":\"SearchAction\",\"target\":{\"@type\":\"EntryPoint\",\"urlTemplate\":\"https:\\\/\\\/www.hdbrazing.com\\\/?s={search_term_string}\"},\"query-input\":{\"@type\":\"PropertyValueSpecification\",\"valueRequired\":true,\"valueName\":\"search_term_string\"}}],\"inLanguage\":\"fr-FR\"},{\"@type\":\"Organization\",\"@id\":\"https:\\\/\\\/www.hdbrazing.com\\\/#organization\",\"name\":\"HD Brazing&reg; onderdeel van Aalberts Surface Technologies\",\"url\":\"https:\\\/\\\/www.hdbrazing.com\\\/\",\"logo\":{\"@type\":\"ImageObject\",\"inLanguage\":\"fr-FR\",\"@id\":\"https:\\\/\\\/www.hdbrazing.com\\\/#\\\/schema\\\/logo\\\/image\\\/\",\"url\":\"https:\\\/\\\/www.hdbrazing.com\\\/wp-content\\\/uploads\\\/2021\\\/09\\\/logo-2.svg\",\"contentUrl\":\"https:\\\/\\\/www.hdbrazing.com\\\/wp-content\\\/uploads\\\/2021\\\/09\\\/logo-2.svg\",\"width\":152,\"height\":61,\"caption\":\"HD Brazing&reg; onderdeel van Aalberts Surface Technologies\"},\"image\":{\"@id\":\"https:\\\/\\\/www.hdbrazing.com\\\/#\\\/schema\\\/logo\\\/image\\\/\"}}]}<\/script>\n<!-- \/ Yoast SEO plugin. -->","yoast_head_json":{"title":"Disclaimer - HD Brazing&reg; onderdeel van Aalberts Surface Technologies","robots":{"index":"index","follow":"follow","max-snippet":"max-snippet:-1","max-image-preview":"max-image-preview:large","max-video-preview":"max-video-preview:-1"},"canonical":"https:\/\/www.hdbrazing.com\/fr\/disclaimer\/","og_locale":"fr_FR","og_type":"article","og_title":"Disclaimer - HD Brazing&reg; onderdeel van Aalberts Surface Technologies","og_description":"Disclaimer Partie des Aalberts HD Brazing\u00ae est une marque unique d\u00e9pos\u00e9e par Aalberts Surface Technologies. Aalberts Surface Technologies fait partie du sp\u00e9cialiste industriel mondial Aalberts N.V.. Plus de 14 000 personnes travaillent pour Aalberts dans plus de 50 pays. Avis de non-responsabilit\u00e9 Toutes les valeurs\/propri\u00e9t\u00e9s indiqu\u00e9es dans la brochure\/site web d\u00e9pendent du type et de [&hellip;]","og_url":"https:\/\/www.hdbrazing.com\/fr\/disclaimer\/","og_site_name":"HD Brazing&reg; onderdeel van Aalberts Surface Technologies","article_modified_time":"2022-01-19T13:59:38+00:00","twitter_card":"summary_large_image","schema":{"@context":"https:\/\/schema.org","@graph":[{"@type":"WebPage","@id":"https:\/\/www.hdbrazing.com\/fr\/disclaimer\/","url":"https:\/\/www.hdbrazing.com\/fr\/disclaimer\/","name":"Disclaimer - HD Brazing&reg; onderdeel van Aalberts Surface Technologies","isPartOf":{"@id":"https:\/\/www.hdbrazing.com\/#website"},"datePublished":"2022-01-19T11:04:33+00:00","dateModified":"2022-01-19T13:59:38+00:00","breadcrumb":{"@id":"https:\/\/www.hdbrazing.com\/fr\/disclaimer\/#breadcrumb"},"inLanguage":"fr-FR","potentialAction":[{"@type":"ReadAction","target":["https:\/\/www.hdbrazing.com\/fr\/disclaimer\/"]}]},{"@type":"BreadcrumbList","@id":"https:\/\/www.hdbrazing.com\/fr\/disclaimer\/#breadcrumb","itemListElement":[{"@type":"ListItem","position":1,"name":"Home","item":"https:\/\/www.hdbrazing.com\/fr\/"},{"@type":"ListItem","position":2,"name":"Disclaimer"}]},{"@type":"WebSite","@id":"https:\/\/www.hdbrazing.com\/#website","url":"https:\/\/www.hdbrazing.com\/","name":"HD Brazing&reg; onderdeel van Aalberts Surface Technologies","description":"HD Brazing&reg; is een door Aalberts Surface Technologies Eindhoven B.V. ontwikkeld proced&eacute; op het gebied van hoogtemperatuur \/ vacu&uuml;msolderen.","publisher":{"@id":"https:\/\/www.hdbrazing.com\/#organization"},"potentialAction":[{"@type":"SearchAction","target":{"@type":"EntryPoint","urlTemplate":"https:\/\/www.hdbrazing.com\/?s={search_term_string}"},"query-input":{"@type":"PropertyValueSpecification","valueRequired":true,"valueName":"search_term_string"}}],"inLanguage":"fr-FR"},{"@type":"Organization","@id":"https:\/\/www.hdbrazing.com\/#organization","name":"HD Brazing&reg; onderdeel van Aalberts Surface Technologies","url":"https:\/\/www.hdbrazing.com\/","logo":{"@type":"ImageObject","inLanguage":"fr-FR","@id":"https:\/\/www.hdbrazing.com\/#\/schema\/logo\/image\/","url":"https:\/\/www.hdbrazing.com\/wp-content\/uploads\/2021\/09\/logo-2.svg","contentUrl":"https:\/\/www.hdbrazing.com\/wp-content\/uploads\/2021\/09\/logo-2.svg","width":152,"height":61,"caption":"HD Brazing&reg; onderdeel van Aalberts Surface Technologies"},"image":{"@id":"https:\/\/www.hdbrazing.com\/#\/schema\/logo\/image\/"}}]}},"_links":{"self":[{"href":"https:\/\/www.hdbrazing.com\/fr\/wp-json\/wp\/v2\/pages\/6664","targetHints":{"allow":["GET"]}}],"collection":[{"href":"https:\/\/www.hdbrazing.com\/fr\/wp-json\/wp\/v2\/pages"}],"about":[{"href":"https:\/\/www.hdbrazing.com\/fr\/wp-json\/wp\/v2\/types\/page"}],"author":[{"embeddable":true,"href":"https:\/\/www.hdbrazing.com\/fr\/wp-json\/wp\/v2\/users\/2"}],"replies":[{"embeddable":true,"href":"https:\/\/www.hdbrazing.com\/fr\/wp-json\/wp\/v2\/comments?post=6664"}],"version-history":[{"count":3,"href":"https:\/\/www.hdbrazing.com\/fr\/wp-json\/wp\/v2\/pages\/6664\/revisions"}],"predecessor-version":[{"id":6667,"href":"https:\/\/www.hdbrazing.com\/fr\/wp-json\/wp\/v2\/pages\/6664\/revisions\/6667"}],"wp:attachment":[{"href":"https:\/\/www.hdbrazing.com\/fr\/wp-json\/wp\/v2\/media?parent=6664"}],"curies":[{"name":"wp","href":"https:\/\/api.w.org\/{rel}","templated":true}]}}