{"id":6681,"date":"2021-09-14T14:28:54","date_gmt":"2021-09-14T14:28:54","guid":{"rendered":"https:\/\/www.hdbrazing.com\/eigenschappen\/"},"modified":"2022-04-11T08:55:29","modified_gmt":"2022-04-11T08:55:29","slug":"proprietes","status":"publish","type":"page","link":"https:\/\/www.hdbrazing.com\/fr\/proprietes\/","title":{"rendered":"Propri\u00e9t\u00e9s"},"content":{"rendered":"\t\t<div data-elementor-type=\"wp-page\" data-elementor-id=\"6681\" class=\"elementor elementor-6681 elementor-5749\" data-elementor-post-type=\"page\">\n\t\t\t\t\t\t<section class=\"elementor-section elementor-top-section elementor-element elementor-element-7f05005 elementor-section-height-min-height overlay elementor-section-items-bottom elementor-section-boxed elementor-section-height-default\" data-id=\"7f05005\" data-element_type=\"section\" data-e-type=\"section\" data-settings=\"{&quot;background_background&quot;:&quot;classic&quot;}\">\n\t\t\t\t\t\t\t<div class=\"elementor-background-overlay\"><\/div>\n\t\t\t\t\t\t\t<div class=\"elementor-container elementor-column-gap-default\">\n\t\t\t\t\t<div class=\"elementor-column elementor-col-100 elementor-top-column elementor-element elementor-element-19268138\" data-id=\"19268138\" data-element_type=\"column\" data-e-type=\"column\">\n\t\t\t<div class=\"elementor-widget-wrap elementor-element-populated\">\n\t\t\t\t\t\t<div class=\"elementor-element elementor-element-79dfb7bd elementor-widget elementor-widget-heading\" data-id=\"79dfb7bd\" data-element_type=\"widget\" data-e-type=\"widget\" data-widget_type=\"heading.default\">\n\t\t\t\t<div class=\"elementor-widget-container\">\n\t\t\t\t\t<h1 class=\"elementor-heading-title elementor-size-default\">Propri\u00e9t\u00e9s de HD Brazing\u00ae<\/h1>\t\t\t\t<\/div>\n\t\t\t\t<\/div>\n\t\t\t\t<section class=\"elementor-section elementor-inner-section elementor-element elementor-element-1c386992 elementor-section-boxed elementor-section-height-default elementor-section-height-default\" data-id=\"1c386992\" data-element_type=\"section\" data-e-type=\"section\">\n\t\t\t\t\t\t<div class=\"elementor-container elementor-column-gap-no\">\n\t\t\t\t\t<div class=\"elementor-column elementor-col-33 elementor-inner-column elementor-element elementor-element-63df9778\" data-id=\"63df9778\" data-element_type=\"column\" data-e-type=\"column\">\n\t\t\t<div class=\"elementor-widget-wrap\">\n\t\t\t\t\t\t\t<\/div>\n\t\t<\/div>\n\t\t\t\t<div class=\"elementor-column elementor-col-33 elementor-inner-column elementor-element elementor-element-58517fd4\" data-id=\"58517fd4\" data-element_type=\"column\" data-e-type=\"column\">\n\t\t\t<div class=\"elementor-widget-wrap\">\n\t\t\t\t\t\t\t<\/div>\n\t\t<\/div>\n\t\t\t\t<div class=\"elementor-column elementor-col-33 elementor-inner-column elementor-element elementor-element-75cf61e1\" data-id=\"75cf61e1\" data-element_type=\"column\" data-e-type=\"column\" data-settings=\"{&quot;background_background&quot;:&quot;classic&quot;}\">\n\t\t\t<div class=\"elementor-widget-wrap elementor-element-populated\">\n\t\t\t\t\t\t<div class=\"elementor-element elementor-element-13442b85 elementor-widget elementor-widget-heading\" data-id=\"13442b85\" data-element_type=\"widget\" data-e-type=\"widget\" data-widget_type=\"heading.default\">\n\t\t\t\t<div class=\"elementor-widget-container\">\n\t\t\t\t\t<span class=\"elementor-heading-title elementor-size-default\">HD Brazing\u00ae<\/span>\t\t\t\t<\/div>\n\t\t\t\t<\/div>\n\t\t\t\t<div class=\"elementor-element elementor-element-664bfc80 elementor-widget elementor-widget-text-editor\" data-id=\"664bfc80\" data-element_type=\"widget\" data-e-type=\"widget\" data-widget_type=\"text-editor.default\">\n\t\t\t\t<div class=\"elementor-widget-container\">\n\t\t\t\t\t\t\t\t\t<p>Un proc\u00e9d\u00e9 d\u00e9velopp\u00e9 par Aalberts Surface Technologies Eindhoven B.V. dans le domaine du brasage \u00e0 haute temp\u00e9rature \/ sous vide.<\/p>\t\t\t\t\t\t\t\t<\/div>\n\t\t\t\t<\/div>\n\t\t\t\t<div class=\"elementor-element elementor-element-5be13db9 elementor-widget elementor-widget-spacer\" data-id=\"5be13db9\" data-element_type=\"widget\" data-e-type=\"widget\" data-widget_type=\"spacer.default\">\n\t\t\t\t<div class=\"elementor-widget-container\">\n\t\t\t\t\t\t\t<div class=\"elementor-spacer\">\n\t\t\t<div class=\"elementor-spacer-inner\"><\/div>\n\t\t<\/div>\n\t\t\t\t\t\t<\/div>\n\t\t\t\t<\/div>\n\t\t\t\t<div class=\"elementor-element elementor-element-63027396 elementor-widget elementor-widget-text-editor\" data-id=\"63027396\" data-element_type=\"widget\" data-e-type=\"widget\" data-widget_type=\"text-editor.default\">\n\t\t\t\t<div class=\"elementor-widget-container\">\n\t\t\t\t\t\t\t\t\t<p>Voir aussi les brochures et les certificats<\/p>\t\t\t\t\t\t\t\t<\/div>\n\t\t\t\t<\/div>\n\t\t\t\t<div class=\"elementor-element elementor-element-5bf9021f elementor-align-left elementor-widget elementor-widget-button\" data-id=\"5bf9021f\" data-element_type=\"widget\" data-e-type=\"widget\" data-widget_type=\"button.default\">\n\t\t\t\t<div class=\"elementor-widget-container\">\n\t\t\t\t\t\t\t\t\t<div class=\"elementor-button-wrapper\">\n\t\t\t\t\t<a class=\"elementor-button elementor-button-link elementor-size-sm\" href=\"https:\/\/www.hdbrazing.com\/fr\/downloads\/\">\n\t\t\t\t\t\t<span class=\"elementor-button-content-wrapper\">\n\t\t\t\t\t\t\t\t\t<span class=\"elementor-button-text\">T\u00e9l\u00e9chargements<\/span>\n\t\t\t\t\t<\/span>\n\t\t\t\t\t<\/a>\n\t\t\t\t<\/div>\n\t\t\t\t\t\t\t\t<\/div>\n\t\t\t\t<\/div>\n\t\t\t\t\t<\/div>\n\t\t<\/div>\n\t\t\t\t\t<\/div>\n\t\t<\/section>\n\t\t\t\t\t<\/div>\n\t\t<\/div>\n\t\t\t\t\t<\/div>\n\t\t<\/section>\n\t\t\t\t<section class=\"elementor-section elementor-top-section elementor-element elementor-element-2aba14ec elementor-section-boxed elementor-section-height-default elementor-section-height-default\" data-id=\"2aba14ec\" data-element_type=\"section\" data-e-type=\"section\">\n\t\t\t\t\t\t<div class=\"elementor-container elementor-column-gap-default\">\n\t\t\t\t\t<div class=\"elementor-column elementor-col-50 elementor-top-column elementor-element elementor-element-4edbaf68\" data-id=\"4edbaf68\" data-element_type=\"column\" data-e-type=\"column\">\n\t\t\t<div class=\"elementor-widget-wrap elementor-element-populated\">\n\t\t\t\t\t\t<div class=\"elementor-element elementor-element-32752434 elementor-widget elementor-widget-heading\" data-id=\"32752434\" data-element_type=\"widget\" data-e-type=\"widget\" data-widget_type=\"heading.default\">\n\t\t\t\t<div class=\"elementor-widget-container\">\n\t\t\t\t\t<h2 class=\"elementor-heading-title elementor-size-default\">propri\u00e9t\u00e9s de HD Brazing\u00ae<\/h2>\t\t\t\t<\/div>\n\t\t\t\t<\/div>\n\t\t\t\t<div class=\"elementor-element elementor-element-5c0fe536 elementor-widget elementor-widget-text-editor\" data-id=\"5c0fe536\" data-element_type=\"widget\" data-e-type=\"widget\" data-widget_type=\"text-editor.default\">\n\t\t\t\t<div class=\"elementor-widget-container\">\n\t\t\t\t\t\t\t\t\t<p>Les propri\u00e9t\u00e9s les plus importantes des joints bras\u00e9s sous vide sont les suivantes :<\/p><ul><li>Des joints tr\u00e8s solides et reproductibles. \u00c9quivalent ou m\u00eame plus r\u00e9sistant que le mat\u00e9riau de base.<\/li><li>L&rsquo;utilisation de mat\u00e9riaux de brasage nobles permet de cr\u00e9er des joints r\u00e9sistants \u00e0 la corrosion.<\/li><li>Les joints peuvent \u00eatre expos\u00e9s \u00e0 des temp\u00e9ratures d&rsquo;insertion relativement \u00e9lev\u00e9es. (&lt; 800\u00b0C)<\/li><li>Processus propre. Les produits restent exempts de m\u00e9taux.<\/li><li>Brasage sans flux. Aucune r\u00e9action ind\u00e9sirable en surface.<\/li><li>Connexion tr\u00e8s propre, hygi\u00e9nique et sans interstice. Important pour l&rsquo;industrie alimentaire ou m\u00e9dicale.<\/li><li>Connexions \u00e9tanches au vide\/aux fuites.<\/li><li>Possibilit\u00e9 d&rsquo;assembler diff\u00e9rents mat\u00e9riaux (par exemple : m\u00e9tal-c\u00e9ramique).<\/li><li>Le brasage et le durcissement sont possibles en un seul processus.<\/li><li>Les pi\u00e8ces peuvent subir pratiquement tous les processus de durcissement apr\u00e8s un traitement de brasage.<\/li><li>Grande libert\u00e9 de construction ; possibilit\u00e9 d&rsquo;utiliser des mat\u00e9riaux \u00e9pais et minces, possibilit\u00e9 d&rsquo;assembler de grandes surfaces.<\/li><li>Plusieurs joints peuvent \u00eatre r\u00e9alis\u00e9s en un seul processus. Des produits complexes sont possibles<\/li><li>Grande stabilit\u00e9 dimensionnelle possible, pas ou peu de d\u00e9formations.<\/li><li>Il est possible de traiter aussi bien des pi\u00e8ces uniques que des s\u00e9ries plus importantes.<\/li><\/ul>\t\t\t\t\t\t\t\t<\/div>\n\t\t\t\t<\/div>\n\t\t\t\t\t<\/div>\n\t\t<\/div>\n\t\t\t\t<div class=\"elementor-column elementor-col-50 elementor-top-column elementor-element elementor-element-577693a6\" data-id=\"577693a6\" data-element_type=\"column\" data-e-type=\"column\">\n\t\t\t<div class=\"elementor-widget-wrap\">\n\t\t\t\t\t\t\t<\/div>\n\t\t<\/div>\n\t\t\t\t\t<\/div>\n\t\t<\/section>\n\t\t\t\t<\/div>\n\t\t","protected":false},"excerpt":{"rendered":"<p>Propri\u00e9t\u00e9s de HD Brazing\u00ae HD Brazing\u00ae Un proc\u00e9d\u00e9 d\u00e9velopp\u00e9 par Aalberts Surface Technologies Eindhoven B.V. dans le domaine du brasage \u00e0 haute temp\u00e9rature \/ sous vide. Voir aussi les brochures et les certificats T\u00e9l\u00e9chargements propri\u00e9t\u00e9s de HD Brazing\u00ae Les propri\u00e9t\u00e9s les plus importantes des joints bras\u00e9s sous vide sont les suivantes : Des joints tr\u00e8s [&hellip;]<\/p>\n","protected":false},"author":2,"featured_media":0,"parent":0,"menu_order":0,"comment_status":"closed","ping_status":"closed","template":"","meta":{"inline_featured_image":false,"site-sidebar-layout":"no-sidebar","site-content-layout":"page-builder","ast-site-content-layout":"default","site-content-style":"default","site-sidebar-style":"default","ast-global-header-display":"","ast-banner-title-visibility":"","ast-main-header-display":"","ast-hfb-above-header-display":"","ast-hfb-below-header-display":"","ast-hfb-mobile-header-display":"","site-post-title":"disabled","ast-breadcrumbs-content":"","ast-featured-img":"disabled","footer-sml-layout":"","ast-disable-related-posts":"","theme-transparent-header-meta":"default","adv-header-id-meta":"","stick-header-meta":"default","header-above-stick-meta":"","header-main-stick-meta":"","header-below-stick-meta":"","astra-migrate-meta-layouts":"default","ast-page-background-enabled":"default","ast-page-background-meta":{"desktop":{"background-color":"var(--ast-global-color-4)","background-image":"","background-repeat":"repeat","background-position":"center center","background-size":"auto","background-attachment":"scroll","background-type":"","background-media":"","overlay-type":"","overlay-color":"","overlay-opacity":"","overlay-gradient":""},"tablet":{"background-color":"","background-image":"","background-repeat":"repeat","background-position":"center center","background-size":"auto","background-attachment":"scroll","background-type":"","background-media":"","overlay-type":"","overlay-color":"","overlay-opacity":"","overlay-gradient":""},"mobile":{"background-color":"","background-image":"","background-repeat":"repeat","background-position":"center center","background-size":"auto","background-attachment":"scroll","background-type":"","background-media":"","overlay-type":"","overlay-color":"","overlay-opacity":"","overlay-gradient":""}},"ast-content-background-meta":{"desktop":{"background-color":"var(--ast-global-color-5)","background-image":"","background-repeat":"repeat","background-position":"center center","background-size":"auto","background-attachment":"scroll","background-type":"","background-media":"","overlay-type":"","overlay-color":"","overlay-opacity":"","overlay-gradient":""},"tablet":{"background-color":"var(--ast-global-color-5)","background-image":"","background-repeat":"repeat","background-position":"center center","background-size":"auto","background-attachment":"scroll","background-type":"","background-media":"","overlay-type":"","overlay-color":"","overlay-opacity":"","overlay-gradient":""},"mobile":{"background-color":"var(--ast-global-color-5)","background-image":"","background-repeat":"repeat","background-position":"center center","background-size":"auto","background-attachment":"scroll","background-type":"","background-media":"","overlay-type":"","overlay-color":"","overlay-opacity":"","overlay-gradient":""}},"footnotes":""},"class_list":["post-6681","page","type-page","status-publish","hentry"],"yoast_head":"<!-- This site is optimized with the Yoast SEO plugin v27.5 - https:\/\/yoast.com\/product\/yoast-seo-wordpress\/ -->\n<title>Propri\u00e9t\u00e9s - HD Brazing&reg; onderdeel van Aalberts Surface Technologies<\/title>\n<meta name=\"robots\" content=\"index, follow, max-snippet:-1, max-image-preview:large, max-video-preview:-1\" \/>\n<link rel=\"canonical\" href=\"https:\/\/www.hdbrazing.com\/fr\/proprietes\/\" \/>\n<meta property=\"og:locale\" content=\"fr_FR\" \/>\n<meta property=\"og:type\" content=\"article\" \/>\n<meta property=\"og:title\" content=\"Propri\u00e9t\u00e9s - HD Brazing&reg; onderdeel van Aalberts Surface Technologies\" \/>\n<meta property=\"og:description\" content=\"Propri\u00e9t\u00e9s de HD Brazing\u00ae HD Brazing\u00ae Un proc\u00e9d\u00e9 d\u00e9velopp\u00e9 par Aalberts Surface Technologies Eindhoven B.V. dans le domaine du brasage \u00e0 haute temp\u00e9rature \/ sous vide. Voir aussi les brochures et les certificats T\u00e9l\u00e9chargements propri\u00e9t\u00e9s de HD Brazing\u00ae Les propri\u00e9t\u00e9s les plus importantes des joints bras\u00e9s sous vide sont les suivantes : Des joints tr\u00e8s [&hellip;]\" \/>\n<meta property=\"og:url\" content=\"https:\/\/www.hdbrazing.com\/fr\/proprietes\/\" \/>\n<meta property=\"og:site_name\" content=\"HD Brazing&reg; onderdeel van Aalberts Surface Technologies\" \/>\n<meta property=\"article:modified_time\" content=\"2022-04-11T08:55:29+00:00\" \/>\n<meta name=\"twitter:card\" content=\"summary_large_image\" \/>\n<meta name=\"twitter:label1\" content=\"Dur\u00e9e de lecture estim\u00e9e\" \/>\n\t<meta name=\"twitter:data1\" content=\"1 minute\" \/>\n<script type=\"application\/ld+json\" class=\"yoast-schema-graph\">{\"@context\":\"https:\\\/\\\/schema.org\",\"@graph\":[{\"@type\":\"WebPage\",\"@id\":\"https:\\\/\\\/www.hdbrazing.com\\\/fr\\\/proprietes\\\/\",\"url\":\"https:\\\/\\\/www.hdbrazing.com\\\/fr\\\/proprietes\\\/\",\"name\":\"Propri\u00e9t\u00e9s - HD Brazing&reg; onderdeel van Aalberts Surface Technologies\",\"isPartOf\":{\"@id\":\"https:\\\/\\\/www.hdbrazing.com\\\/#website\"},\"datePublished\":\"2021-09-14T14:28:54+00:00\",\"dateModified\":\"2022-04-11T08:55:29+00:00\",\"breadcrumb\":{\"@id\":\"https:\\\/\\\/www.hdbrazing.com\\\/fr\\\/proprietes\\\/#breadcrumb\"},\"inLanguage\":\"fr-FR\",\"potentialAction\":[{\"@type\":\"ReadAction\",\"target\":[\"https:\\\/\\\/www.hdbrazing.com\\\/fr\\\/proprietes\\\/\"]}]},{\"@type\":\"BreadcrumbList\",\"@id\":\"https:\\\/\\\/www.hdbrazing.com\\\/fr\\\/proprietes\\\/#breadcrumb\",\"itemListElement\":[{\"@type\":\"ListItem\",\"position\":1,\"name\":\"Home\",\"item\":\"https:\\\/\\\/www.hdbrazing.com\\\/fr\\\/\"},{\"@type\":\"ListItem\",\"position\":2,\"name\":\"Propri\u00e9t\u00e9s\"}]},{\"@type\":\"WebSite\",\"@id\":\"https:\\\/\\\/www.hdbrazing.com\\\/#website\",\"url\":\"https:\\\/\\\/www.hdbrazing.com\\\/\",\"name\":\"HD Brazing&reg; onderdeel van Aalberts Surface Technologies\",\"description\":\"HD Brazing&reg; is een door Aalberts Surface Technologies Eindhoven B.V. ontwikkeld proced&eacute; op het gebied van hoogtemperatuur \\\/ vacu&uuml;msolderen.\",\"publisher\":{\"@id\":\"https:\\\/\\\/www.hdbrazing.com\\\/#organization\"},\"potentialAction\":[{\"@type\":\"SearchAction\",\"target\":{\"@type\":\"EntryPoint\",\"urlTemplate\":\"https:\\\/\\\/www.hdbrazing.com\\\/?s={search_term_string}\"},\"query-input\":{\"@type\":\"PropertyValueSpecification\",\"valueRequired\":true,\"valueName\":\"search_term_string\"}}],\"inLanguage\":\"fr-FR\"},{\"@type\":\"Organization\",\"@id\":\"https:\\\/\\\/www.hdbrazing.com\\\/#organization\",\"name\":\"HD Brazing&reg; onderdeel van Aalberts Surface Technologies\",\"url\":\"https:\\\/\\\/www.hdbrazing.com\\\/\",\"logo\":{\"@type\":\"ImageObject\",\"inLanguage\":\"fr-FR\",\"@id\":\"https:\\\/\\\/www.hdbrazing.com\\\/#\\\/schema\\\/logo\\\/image\\\/\",\"url\":\"https:\\\/\\\/www.hdbrazing.com\\\/wp-content\\\/uploads\\\/2021\\\/09\\\/logo-2.svg\",\"contentUrl\":\"https:\\\/\\\/www.hdbrazing.com\\\/wp-content\\\/uploads\\\/2021\\\/09\\\/logo-2.svg\",\"width\":152,\"height\":61,\"caption\":\"HD Brazing&reg; onderdeel van Aalberts Surface Technologies\"},\"image\":{\"@id\":\"https:\\\/\\\/www.hdbrazing.com\\\/#\\\/schema\\\/logo\\\/image\\\/\"}}]}<\/script>\n<!-- \/ Yoast SEO plugin. -->","yoast_head_json":{"title":"Propri\u00e9t\u00e9s - HD Brazing&reg; onderdeel van Aalberts Surface Technologies","robots":{"index":"index","follow":"follow","max-snippet":"max-snippet:-1","max-image-preview":"max-image-preview:large","max-video-preview":"max-video-preview:-1"},"canonical":"https:\/\/www.hdbrazing.com\/fr\/proprietes\/","og_locale":"fr_FR","og_type":"article","og_title":"Propri\u00e9t\u00e9s - HD Brazing&reg; onderdeel van Aalberts Surface Technologies","og_description":"Propri\u00e9t\u00e9s de HD Brazing\u00ae HD Brazing\u00ae Un proc\u00e9d\u00e9 d\u00e9velopp\u00e9 par Aalberts Surface Technologies Eindhoven B.V. dans le domaine du brasage \u00e0 haute temp\u00e9rature \/ sous vide. Voir aussi les brochures et les certificats T\u00e9l\u00e9chargements propri\u00e9t\u00e9s de HD Brazing\u00ae Les propri\u00e9t\u00e9s les plus importantes des joints bras\u00e9s sous vide sont les suivantes : Des joints tr\u00e8s [&hellip;]","og_url":"https:\/\/www.hdbrazing.com\/fr\/proprietes\/","og_site_name":"HD Brazing&reg; onderdeel van Aalberts Surface Technologies","article_modified_time":"2022-04-11T08:55:29+00:00","twitter_card":"summary_large_image","twitter_misc":{"Dur\u00e9e de lecture estim\u00e9e":"1 minute"},"schema":{"@context":"https:\/\/schema.org","@graph":[{"@type":"WebPage","@id":"https:\/\/www.hdbrazing.com\/fr\/proprietes\/","url":"https:\/\/www.hdbrazing.com\/fr\/proprietes\/","name":"Propri\u00e9t\u00e9s - HD Brazing&reg; onderdeel van Aalberts Surface Technologies","isPartOf":{"@id":"https:\/\/www.hdbrazing.com\/#website"},"datePublished":"2021-09-14T14:28:54+00:00","dateModified":"2022-04-11T08:55:29+00:00","breadcrumb":{"@id":"https:\/\/www.hdbrazing.com\/fr\/proprietes\/#breadcrumb"},"inLanguage":"fr-FR","potentialAction":[{"@type":"ReadAction","target":["https:\/\/www.hdbrazing.com\/fr\/proprietes\/"]}]},{"@type":"BreadcrumbList","@id":"https:\/\/www.hdbrazing.com\/fr\/proprietes\/#breadcrumb","itemListElement":[{"@type":"ListItem","position":1,"name":"Home","item":"https:\/\/www.hdbrazing.com\/fr\/"},{"@type":"ListItem","position":2,"name":"Propri\u00e9t\u00e9s"}]},{"@type":"WebSite","@id":"https:\/\/www.hdbrazing.com\/#website","url":"https:\/\/www.hdbrazing.com\/","name":"HD Brazing&reg; onderdeel van Aalberts Surface Technologies","description":"HD Brazing&reg; is een door Aalberts Surface Technologies Eindhoven B.V. ontwikkeld proced&eacute; op het gebied van hoogtemperatuur \/ vacu&uuml;msolderen.","publisher":{"@id":"https:\/\/www.hdbrazing.com\/#organization"},"potentialAction":[{"@type":"SearchAction","target":{"@type":"EntryPoint","urlTemplate":"https:\/\/www.hdbrazing.com\/?s={search_term_string}"},"query-input":{"@type":"PropertyValueSpecification","valueRequired":true,"valueName":"search_term_string"}}],"inLanguage":"fr-FR"},{"@type":"Organization","@id":"https:\/\/www.hdbrazing.com\/#organization","name":"HD Brazing&reg; onderdeel van Aalberts Surface Technologies","url":"https:\/\/www.hdbrazing.com\/","logo":{"@type":"ImageObject","inLanguage":"fr-FR","@id":"https:\/\/www.hdbrazing.com\/#\/schema\/logo\/image\/","url":"https:\/\/www.hdbrazing.com\/wp-content\/uploads\/2021\/09\/logo-2.svg","contentUrl":"https:\/\/www.hdbrazing.com\/wp-content\/uploads\/2021\/09\/logo-2.svg","width":152,"height":61,"caption":"HD Brazing&reg; onderdeel van Aalberts Surface Technologies"},"image":{"@id":"https:\/\/www.hdbrazing.com\/#\/schema\/logo\/image\/"}}]}},"_links":{"self":[{"href":"https:\/\/www.hdbrazing.com\/fr\/wp-json\/wp\/v2\/pages\/6681","targetHints":{"allow":["GET"]}}],"collection":[{"href":"https:\/\/www.hdbrazing.com\/fr\/wp-json\/wp\/v2\/pages"}],"about":[{"href":"https:\/\/www.hdbrazing.com\/fr\/wp-json\/wp\/v2\/types\/page"}],"author":[{"embeddable":true,"href":"https:\/\/www.hdbrazing.com\/fr\/wp-json\/wp\/v2\/users\/2"}],"replies":[{"embeddable":true,"href":"https:\/\/www.hdbrazing.com\/fr\/wp-json\/wp\/v2\/comments?post=6681"}],"version-history":[{"count":4,"href":"https:\/\/www.hdbrazing.com\/fr\/wp-json\/wp\/v2\/pages\/6681\/revisions"}],"predecessor-version":[{"id":6783,"href":"https:\/\/www.hdbrazing.com\/fr\/wp-json\/wp\/v2\/pages\/6681\/revisions\/6783"}],"wp:attachment":[{"href":"https:\/\/www.hdbrazing.com\/fr\/wp-json\/wp\/v2\/media?parent=6681"}],"curies":[{"name":"wp","href":"https:\/\/api.w.org\/{rel}","templated":true}]}}