{"id":6701,"date":"2021-09-14T14:28:22","date_gmt":"2021-09-14T14:28:22","guid":{"rendered":"https:\/\/www.hdbrazing.com\/materialen\/"},"modified":"2022-04-11T08:55:07","modified_gmt":"2022-04-11T08:55:07","slug":"materiaux","status":"publish","type":"page","link":"https:\/\/www.hdbrazing.com\/fr\/materiaux\/","title":{"rendered":"Mat\u00e9riaux"},"content":{"rendered":"\t\t<div data-elementor-type=\"wp-page\" data-elementor-id=\"6701\" class=\"elementor elementor-6701 elementor-5745\" data-elementor-post-type=\"page\">\n\t\t\t\t\t\t<section class=\"elementor-section elementor-top-section elementor-element elementor-element-706c1c0e elementor-section-height-min-height overlay elementor-section-items-bottom elementor-section-boxed elementor-section-height-default\" data-id=\"706c1c0e\" data-element_type=\"section\" data-e-type=\"section\" data-settings=\"{&quot;background_background&quot;:&quot;classic&quot;}\">\n\t\t\t\t\t\t\t<div class=\"elementor-background-overlay\"><\/div>\n\t\t\t\t\t\t\t<div class=\"elementor-container elementor-column-gap-default\">\n\t\t\t\t\t<div class=\"elementor-column elementor-col-100 elementor-top-column elementor-element elementor-element-491cdd8d\" data-id=\"491cdd8d\" data-element_type=\"column\" data-e-type=\"column\">\n\t\t\t<div class=\"elementor-widget-wrap elementor-element-populated\">\n\t\t\t\t\t\t<div class=\"elementor-element elementor-element-af1119c elementor-widget elementor-widget-heading\" data-id=\"af1119c\" data-element_type=\"widget\" data-e-type=\"widget\" data-widget_type=\"heading.default\">\n\t\t\t\t<div class=\"elementor-widget-container\">\n\t\t\t\t\t<h1 class=\"elementor-heading-title elementor-size-default\">Mat\u00e9riaux appropri\u00e9s<\/h1>\t\t\t\t<\/div>\n\t\t\t\t<\/div>\n\t\t\t\t<section class=\"elementor-section elementor-inner-section elementor-element elementor-element-677b3b15 elementor-section-boxed elementor-section-height-default elementor-section-height-default\" data-id=\"677b3b15\" data-element_type=\"section\" data-e-type=\"section\">\n\t\t\t\t\t\t<div class=\"elementor-container elementor-column-gap-no\">\n\t\t\t\t\t<div class=\"elementor-column elementor-col-33 elementor-inner-column elementor-element elementor-element-4a017246\" data-id=\"4a017246\" data-element_type=\"column\" data-e-type=\"column\">\n\t\t\t<div class=\"elementor-widget-wrap\">\n\t\t\t\t\t\t\t<\/div>\n\t\t<\/div>\n\t\t\t\t<div class=\"elementor-column elementor-col-33 elementor-inner-column elementor-element elementor-element-738cc4f1\" data-id=\"738cc4f1\" data-element_type=\"column\" data-e-type=\"column\">\n\t\t\t<div class=\"elementor-widget-wrap\">\n\t\t\t\t\t\t\t<\/div>\n\t\t<\/div>\n\t\t\t\t<div class=\"elementor-column elementor-col-33 elementor-inner-column elementor-element elementor-element-7de70486\" data-id=\"7de70486\" data-element_type=\"column\" data-e-type=\"column\" data-settings=\"{&quot;background_background&quot;:&quot;classic&quot;}\">\n\t\t\t<div class=\"elementor-widget-wrap elementor-element-populated\">\n\t\t\t\t\t\t<div class=\"elementor-element elementor-element-15af5d29 elementor-widget elementor-widget-heading\" data-id=\"15af5d29\" data-element_type=\"widget\" data-e-type=\"widget\" data-widget_type=\"heading.default\">\n\t\t\t\t<div class=\"elementor-widget-container\">\n\t\t\t\t\t<span class=\"elementor-heading-title elementor-size-default\">HD Brazing\u00ae<\/span>\t\t\t\t<\/div>\n\t\t\t\t<\/div>\n\t\t\t\t<div class=\"elementor-element elementor-element-4e87483f elementor-widget elementor-widget-text-editor\" data-id=\"4e87483f\" data-element_type=\"widget\" data-e-type=\"widget\" data-widget_type=\"text-editor.default\">\n\t\t\t\t<div class=\"elementor-widget-container\">\n\t\t\t\t\t\t\t\t\t<p>Un proc\u00e9d\u00e9 d\u00e9velopp\u00e9 par Aalberts Surface Technologies Eindhoven B.V. dans le domaine du brasage \u00e0 haute temp\u00e9rature \/ sous vide.<\/p>\t\t\t\t\t\t\t\t<\/div>\n\t\t\t\t<\/div>\n\t\t\t\t<div class=\"elementor-element elementor-element-3d763728 elementor-widget elementor-widget-spacer\" data-id=\"3d763728\" data-element_type=\"widget\" data-e-type=\"widget\" data-widget_type=\"spacer.default\">\n\t\t\t\t<div class=\"elementor-widget-container\">\n\t\t\t\t\t\t\t<div class=\"elementor-spacer\">\n\t\t\t<div class=\"elementor-spacer-inner\"><\/div>\n\t\t<\/div>\n\t\t\t\t\t\t<\/div>\n\t\t\t\t<\/div>\n\t\t\t\t<div class=\"elementor-element elementor-element-3f053136 elementor-widget elementor-widget-text-editor\" data-id=\"3f053136\" data-element_type=\"widget\" data-e-type=\"widget\" data-widget_type=\"text-editor.default\">\n\t\t\t\t<div class=\"elementor-widget-container\">\n\t\t\t\t\t\t\t\t\t<p>Voir aussi les brochures et les certificats<\/p>\t\t\t\t\t\t\t\t<\/div>\n\t\t\t\t<\/div>\n\t\t\t\t<div class=\"elementor-element elementor-element-450775e3 elementor-align-left elementor-widget elementor-widget-button\" data-id=\"450775e3\" data-element_type=\"widget\" data-e-type=\"widget\" data-widget_type=\"button.default\">\n\t\t\t\t<div class=\"elementor-widget-container\">\n\t\t\t\t\t\t\t\t\t<div class=\"elementor-button-wrapper\">\n\t\t\t\t\t<a class=\"elementor-button elementor-button-link elementor-size-sm\" href=\"https:\/\/www.hdbrazing.com\/fr\/downloads\/\">\n\t\t\t\t\t\t<span class=\"elementor-button-content-wrapper\">\n\t\t\t\t\t\t\t\t\t<span class=\"elementor-button-text\">T\u00e9l\u00e9chargements<\/span>\n\t\t\t\t\t<\/span>\n\t\t\t\t\t<\/a>\n\t\t\t\t<\/div>\n\t\t\t\t\t\t\t\t<\/div>\n\t\t\t\t<\/div>\n\t\t\t\t\t<\/div>\n\t\t<\/div>\n\t\t\t\t\t<\/div>\n\t\t<\/section>\n\t\t\t\t\t<\/div>\n\t\t<\/div>\n\t\t\t\t\t<\/div>\n\t\t<\/section>\n\t\t\t\t<section class=\"elementor-section elementor-top-section elementor-element elementor-element-73aa59ce elementor-section-boxed elementor-section-height-default elementor-section-height-default\" data-id=\"73aa59ce\" data-element_type=\"section\" data-e-type=\"section\">\n\t\t\t\t\t\t<div class=\"elementor-container elementor-column-gap-default\">\n\t\t\t\t\t<div class=\"elementor-column elementor-col-50 elementor-top-column elementor-element elementor-element-69da0495\" data-id=\"69da0495\" data-element_type=\"column\" data-e-type=\"column\">\n\t\t\t<div class=\"elementor-widget-wrap elementor-element-populated\">\n\t\t\t\t\t\t<div class=\"elementor-element elementor-element-cc0e375 elementor-widget elementor-widget-heading\" data-id=\"cc0e375\" data-element_type=\"widget\" data-e-type=\"widget\" data-widget_type=\"heading.default\">\n\t\t\t\t<div class=\"elementor-widget-container\">\n\t\t\t\t\t<h2 class=\"elementor-heading-title elementor-size-default\">Mat\u00e9riaux <\/h2>\t\t\t\t<\/div>\n\t\t\t\t<\/div>\n\t\t\t\t<div class=\"elementor-element elementor-element-2096e79a elementor-widget elementor-widget-text-editor\" data-id=\"2096e79a\" data-element_type=\"widget\" data-e-type=\"widget\" data-widget_type=\"text-editor.default\">\n\t\t\t\t<div class=\"elementor-widget-container\">\n\t\t\t\t\t\t\t\t\t<p>La plupart des m\u00e9taux et certains non-m\u00e9taux dont la temp\u00e9rature de fusion est sup\u00e9rieure \u00e0 800\u00b0 Celsius peuvent \u00eatre bras\u00e9s sous vide.<\/p><p>Aalberts Surface Technologies Eindhoven a de l&rsquo;exp\u00e9rience avec les mat\u00e9riaux suivants :<\/p><ul><li>acier au carbone<\/li><li>fer forg\u00e9<\/li><li>acier inoxydable<\/li><li>Cuivre et alliages de cuivre<\/li><li>nickel et alliages de nickel<\/li><li>titane et alliages de titane<\/li><li>des mat\u00e9riaux \u00e0 haute fusion tels que le molybd\u00e8ne, le tantale et le tungst\u00e8ne<\/li><li>c\u00e9ramique<\/li><li>m\u00e9tal dur, stellite<\/li><li>les combinaisons inter-mat\u00e9riaux.<\/li><\/ul>\t\t\t\t\t\t\t\t<\/div>\n\t\t\t\t<\/div>\n\t\t\t\t\t<\/div>\n\t\t<\/div>\n\t\t\t\t<div class=\"elementor-column elementor-col-50 elementor-top-column elementor-element elementor-element-67a85cd4\" data-id=\"67a85cd4\" data-element_type=\"column\" data-e-type=\"column\">\n\t\t\t<div class=\"elementor-widget-wrap\">\n\t\t\t\t\t\t\t<\/div>\n\t\t<\/div>\n\t\t\t\t\t<\/div>\n\t\t<\/section>\n\t\t\t\t<section class=\"elementor-section elementor-top-section elementor-element elementor-element-011bba3 elementor-section-boxed elementor-section-height-default elementor-section-height-default\" data-id=\"011bba3\" data-element_type=\"section\" data-e-type=\"section\">\n\t\t\t\t\t\t<div class=\"elementor-container elementor-column-gap-default\">\n\t\t\t\t\t<div class=\"elementor-column elementor-col-50 elementor-top-column elementor-element elementor-element-61778df\" data-id=\"61778df\" data-element_type=\"column\" data-e-type=\"column\">\n\t\t\t<div class=\"elementor-widget-wrap elementor-element-populated\">\n\t\t\t\t\t\t<div class=\"elementor-element elementor-element-5ca27e7 elementor-widget elementor-widget-heading\" data-id=\"5ca27e7\" data-element_type=\"widget\" data-e-type=\"widget\" data-widget_type=\"heading.default\">\n\t\t\t\t<div class=\"elementor-widget-container\">\n\t\t\t\t\t<h2 class=\"elementor-heading-title elementor-size-default\">mat\u00e9riau de brasage<\/h2>\t\t\t\t<\/div>\n\t\t\t\t<\/div>\n\t\t\t\t<div class=\"elementor-element elementor-element-cae5f1e elementor-widget elementor-widget-text-editor\" data-id=\"cae5f1e\" data-element_type=\"widget\" data-e-type=\"widget\" data-widget_type=\"text-editor.default\">\n\t\t\t\t<div class=\"elementor-widget-container\">\n\t\t\t\t\t\t\t\t\t<p>Aalberts Surface Technologies Eindhoven a de l&rsquo;exp\u00e9rience avec une tr\u00e8s large gamme de mat\u00e9riaux de brasage, y compris les mat\u00e9riaux de brasage tr\u00e8s faiblement magn\u00e9tiques, r\u00e9sistants \u00e0 la corrosion ou approuv\u00e9s par les normes FDA et UE. Les mat\u00e9riaux de brasage sont g\u00e9n\u00e9ralement \u00e0 base de nickel, d&rsquo;argent, de cuivre, de palladium ou d&rsquo;or.<\/p>\t\t\t\t\t\t\t\t<\/div>\n\t\t\t\t<\/div>\n\t\t\t\t\t<\/div>\n\t\t<\/div>\n\t\t\t\t<div class=\"elementor-column elementor-col-50 elementor-top-column elementor-element elementor-element-9fa67e1\" data-id=\"9fa67e1\" data-element_type=\"column\" data-e-type=\"column\">\n\t\t\t<div class=\"elementor-widget-wrap\">\n\t\t\t\t\t\t\t<\/div>\n\t\t<\/div>\n\t\t\t\t\t<\/div>\n\t\t<\/section>\n\t\t\t\t<\/div>\n\t\t","protected":false},"excerpt":{"rendered":"<p>Mat\u00e9riaux appropri\u00e9s HD Brazing\u00ae Un proc\u00e9d\u00e9 d\u00e9velopp\u00e9 par Aalberts Surface Technologies Eindhoven B.V. dans le domaine du brasage \u00e0 haute temp\u00e9rature \/ sous vide. Voir aussi les brochures et les certificats T\u00e9l\u00e9chargements Mat\u00e9riaux La plupart des m\u00e9taux et certains non-m\u00e9taux dont la temp\u00e9rature de fusion est sup\u00e9rieure \u00e0 800\u00b0 Celsius peuvent \u00eatre bras\u00e9s sous vide. [&hellip;]<\/p>\n","protected":false},"author":2,"featured_media":0,"parent":0,"menu_order":0,"comment_status":"closed","ping_status":"closed","template":"","meta":{"inline_featured_image":false,"site-sidebar-layout":"no-sidebar","site-content-layout":"page-builder","ast-site-content-layout":"default","site-content-style":"default","site-sidebar-style":"default","ast-global-header-display":"","ast-banner-title-visibility":"","ast-main-header-display":"","ast-hfb-above-header-display":"","ast-hfb-below-header-display":"","ast-hfb-mobile-header-display":"","site-post-title":"disabled","ast-breadcrumbs-content":"","ast-featured-img":"disabled","footer-sml-layout":"","ast-disable-related-posts":"","theme-transparent-header-meta":"default","adv-header-id-meta":"","stick-header-meta":"default","header-above-stick-meta":"","header-main-stick-meta":"","header-below-stick-meta":"","astra-migrate-meta-layouts":"default","ast-page-background-enabled":"default","ast-page-background-meta":{"desktop":{"background-color":"var(--ast-global-color-4)","background-image":"","background-repeat":"repeat","background-position":"center center","background-size":"auto","background-attachment":"scroll","background-type":"","background-media":"","overlay-type":"","overlay-color":"","overlay-opacity":"","overlay-gradient":""},"tablet":{"background-color":"","background-image":"","background-repeat":"repeat","background-position":"center center","background-size":"auto","background-attachment":"scroll","background-type":"","background-media":"","overlay-type":"","overlay-color":"","overlay-opacity":"","overlay-gradient":""},"mobile":{"background-color":"","background-image":"","background-repeat":"repeat","background-position":"center center","background-size":"auto","background-attachment":"scroll","background-type":"","background-media":"","overlay-type":"","overlay-color":"","overlay-opacity":"","overlay-gradient":""}},"ast-content-background-meta":{"desktop":{"background-color":"var(--ast-global-color-5)","background-image":"","background-repeat":"repeat","background-position":"center center","background-size":"auto","background-attachment":"scroll","background-type":"","background-media":"","overlay-type":"","overlay-color":"","overlay-opacity":"","overlay-gradient":""},"tablet":{"background-color":"var(--ast-global-color-5)","background-image":"","background-repeat":"repeat","background-position":"center center","background-size":"auto","background-attachment":"scroll","background-type":"","background-media":"","overlay-type":"","overlay-color":"","overlay-opacity":"","overlay-gradient":""},"mobile":{"background-color":"var(--ast-global-color-5)","background-image":"","background-repeat":"repeat","background-position":"center center","background-size":"auto","background-attachment":"scroll","background-type":"","background-media":"","overlay-type":"","overlay-color":"","overlay-opacity":"","overlay-gradient":""}},"footnotes":""},"class_list":["post-6701","page","type-page","status-publish","hentry"],"yoast_head":"<!-- This site is optimized with the Yoast SEO plugin v27.4 - https:\/\/yoast.com\/product\/yoast-seo-wordpress\/ -->\n<title>Mat\u00e9riaux - HD Brazing&reg; onderdeel van Aalberts Surface Technologies<\/title>\n<meta name=\"robots\" content=\"index, follow, max-snippet:-1, max-image-preview:large, max-video-preview:-1\" \/>\n<link rel=\"canonical\" href=\"https:\/\/www.hdbrazing.com\/fr\/materiaux\/\" \/>\n<meta property=\"og:locale\" content=\"fr_FR\" \/>\n<meta property=\"og:type\" content=\"article\" \/>\n<meta property=\"og:title\" content=\"Mat\u00e9riaux - HD Brazing&reg; onderdeel van Aalberts Surface Technologies\" \/>\n<meta property=\"og:description\" content=\"Mat\u00e9riaux appropri\u00e9s HD Brazing\u00ae Un proc\u00e9d\u00e9 d\u00e9velopp\u00e9 par Aalberts Surface Technologies Eindhoven B.V. dans le domaine du brasage \u00e0 haute temp\u00e9rature \/ sous vide. Voir aussi les brochures et les certificats T\u00e9l\u00e9chargements Mat\u00e9riaux La plupart des m\u00e9taux et certains non-m\u00e9taux dont la temp\u00e9rature de fusion est sup\u00e9rieure \u00e0 800\u00b0 Celsius peuvent \u00eatre bras\u00e9s sous vide. [&hellip;]\" \/>\n<meta property=\"og:url\" content=\"https:\/\/www.hdbrazing.com\/fr\/materiaux\/\" \/>\n<meta property=\"og:site_name\" content=\"HD Brazing&reg; onderdeel van Aalberts Surface Technologies\" \/>\n<meta property=\"article:modified_time\" content=\"2022-04-11T08:55:07+00:00\" \/>\n<meta name=\"twitter:card\" content=\"summary_large_image\" \/>\n<meta name=\"twitter:label1\" content=\"Dur\u00e9e de lecture estim\u00e9e\" \/>\n\t<meta name=\"twitter:data1\" content=\"1 minute\" \/>\n<script type=\"application\/ld+json\" class=\"yoast-schema-graph\">{\"@context\":\"https:\\\/\\\/schema.org\",\"@graph\":[{\"@type\":\"WebPage\",\"@id\":\"https:\\\/\\\/www.hdbrazing.com\\\/fr\\\/materiaux\\\/\",\"url\":\"https:\\\/\\\/www.hdbrazing.com\\\/fr\\\/materiaux\\\/\",\"name\":\"Mat\u00e9riaux - HD Brazing&reg; onderdeel van Aalberts Surface Technologies\",\"isPartOf\":{\"@id\":\"https:\\\/\\\/www.hdbrazing.com\\\/#website\"},\"datePublished\":\"2021-09-14T14:28:22+00:00\",\"dateModified\":\"2022-04-11T08:55:07+00:00\",\"breadcrumb\":{\"@id\":\"https:\\\/\\\/www.hdbrazing.com\\\/fr\\\/materiaux\\\/#breadcrumb\"},\"inLanguage\":\"fr-FR\",\"potentialAction\":[{\"@type\":\"ReadAction\",\"target\":[\"https:\\\/\\\/www.hdbrazing.com\\\/fr\\\/materiaux\\\/\"]}]},{\"@type\":\"BreadcrumbList\",\"@id\":\"https:\\\/\\\/www.hdbrazing.com\\\/fr\\\/materiaux\\\/#breadcrumb\",\"itemListElement\":[{\"@type\":\"ListItem\",\"position\":1,\"name\":\"Home\",\"item\":\"https:\\\/\\\/www.hdbrazing.com\\\/fr\\\/\"},{\"@type\":\"ListItem\",\"position\":2,\"name\":\"Mat\u00e9riaux\"}]},{\"@type\":\"WebSite\",\"@id\":\"https:\\\/\\\/www.hdbrazing.com\\\/#website\",\"url\":\"https:\\\/\\\/www.hdbrazing.com\\\/\",\"name\":\"HD Brazing&reg; onderdeel van Aalberts Surface Technologies\",\"description\":\"HD Brazing&reg; is een door Aalberts Surface Technologies Eindhoven B.V. ontwikkeld proced&eacute; op het gebied van hoogtemperatuur \\\/ vacu&uuml;msolderen.\",\"publisher\":{\"@id\":\"https:\\\/\\\/www.hdbrazing.com\\\/#organization\"},\"potentialAction\":[{\"@type\":\"SearchAction\",\"target\":{\"@type\":\"EntryPoint\",\"urlTemplate\":\"https:\\\/\\\/www.hdbrazing.com\\\/?s={search_term_string}\"},\"query-input\":{\"@type\":\"PropertyValueSpecification\",\"valueRequired\":true,\"valueName\":\"search_term_string\"}}],\"inLanguage\":\"fr-FR\"},{\"@type\":\"Organization\",\"@id\":\"https:\\\/\\\/www.hdbrazing.com\\\/#organization\",\"name\":\"HD Brazing&reg; onderdeel van Aalberts Surface Technologies\",\"url\":\"https:\\\/\\\/www.hdbrazing.com\\\/\",\"logo\":{\"@type\":\"ImageObject\",\"inLanguage\":\"fr-FR\",\"@id\":\"https:\\\/\\\/www.hdbrazing.com\\\/#\\\/schema\\\/logo\\\/image\\\/\",\"url\":\"https:\\\/\\\/www.hdbrazing.com\\\/wp-content\\\/uploads\\\/2021\\\/09\\\/logo-2.svg\",\"contentUrl\":\"https:\\\/\\\/www.hdbrazing.com\\\/wp-content\\\/uploads\\\/2021\\\/09\\\/logo-2.svg\",\"width\":152,\"height\":61,\"caption\":\"HD Brazing&reg; onderdeel van Aalberts Surface Technologies\"},\"image\":{\"@id\":\"https:\\\/\\\/www.hdbrazing.com\\\/#\\\/schema\\\/logo\\\/image\\\/\"}}]}<\/script>\n<!-- \/ Yoast SEO plugin. -->","yoast_head_json":{"title":"Mat\u00e9riaux - HD Brazing&reg; onderdeel van Aalberts Surface Technologies","robots":{"index":"index","follow":"follow","max-snippet":"max-snippet:-1","max-image-preview":"max-image-preview:large","max-video-preview":"max-video-preview:-1"},"canonical":"https:\/\/www.hdbrazing.com\/fr\/materiaux\/","og_locale":"fr_FR","og_type":"article","og_title":"Mat\u00e9riaux - HD Brazing&reg; onderdeel van Aalberts Surface Technologies","og_description":"Mat\u00e9riaux appropri\u00e9s HD Brazing\u00ae Un proc\u00e9d\u00e9 d\u00e9velopp\u00e9 par Aalberts Surface Technologies Eindhoven B.V. dans le domaine du brasage \u00e0 haute temp\u00e9rature \/ sous vide. Voir aussi les brochures et les certificats T\u00e9l\u00e9chargements Mat\u00e9riaux La plupart des m\u00e9taux et certains non-m\u00e9taux dont la temp\u00e9rature de fusion est sup\u00e9rieure \u00e0 800\u00b0 Celsius peuvent \u00eatre bras\u00e9s sous vide. [&hellip;]","og_url":"https:\/\/www.hdbrazing.com\/fr\/materiaux\/","og_site_name":"HD Brazing&reg; onderdeel van Aalberts Surface Technologies","article_modified_time":"2022-04-11T08:55:07+00:00","twitter_card":"summary_large_image","twitter_misc":{"Dur\u00e9e de lecture estim\u00e9e":"1 minute"},"schema":{"@context":"https:\/\/schema.org","@graph":[{"@type":"WebPage","@id":"https:\/\/www.hdbrazing.com\/fr\/materiaux\/","url":"https:\/\/www.hdbrazing.com\/fr\/materiaux\/","name":"Mat\u00e9riaux - HD Brazing&reg; onderdeel van Aalberts Surface Technologies","isPartOf":{"@id":"https:\/\/www.hdbrazing.com\/#website"},"datePublished":"2021-09-14T14:28:22+00:00","dateModified":"2022-04-11T08:55:07+00:00","breadcrumb":{"@id":"https:\/\/www.hdbrazing.com\/fr\/materiaux\/#breadcrumb"},"inLanguage":"fr-FR","potentialAction":[{"@type":"ReadAction","target":["https:\/\/www.hdbrazing.com\/fr\/materiaux\/"]}]},{"@type":"BreadcrumbList","@id":"https:\/\/www.hdbrazing.com\/fr\/materiaux\/#breadcrumb","itemListElement":[{"@type":"ListItem","position":1,"name":"Home","item":"https:\/\/www.hdbrazing.com\/fr\/"},{"@type":"ListItem","position":2,"name":"Mat\u00e9riaux"}]},{"@type":"WebSite","@id":"https:\/\/www.hdbrazing.com\/#website","url":"https:\/\/www.hdbrazing.com\/","name":"HD Brazing&reg; onderdeel van Aalberts Surface Technologies","description":"HD Brazing&reg; is een door Aalberts Surface Technologies Eindhoven B.V. ontwikkeld proced&eacute; op het gebied van hoogtemperatuur \/ vacu&uuml;msolderen.","publisher":{"@id":"https:\/\/www.hdbrazing.com\/#organization"},"potentialAction":[{"@type":"SearchAction","target":{"@type":"EntryPoint","urlTemplate":"https:\/\/www.hdbrazing.com\/?s={search_term_string}"},"query-input":{"@type":"PropertyValueSpecification","valueRequired":true,"valueName":"search_term_string"}}],"inLanguage":"fr-FR"},{"@type":"Organization","@id":"https:\/\/www.hdbrazing.com\/#organization","name":"HD Brazing&reg; onderdeel van Aalberts Surface Technologies","url":"https:\/\/www.hdbrazing.com\/","logo":{"@type":"ImageObject","inLanguage":"fr-FR","@id":"https:\/\/www.hdbrazing.com\/#\/schema\/logo\/image\/","url":"https:\/\/www.hdbrazing.com\/wp-content\/uploads\/2021\/09\/logo-2.svg","contentUrl":"https:\/\/www.hdbrazing.com\/wp-content\/uploads\/2021\/09\/logo-2.svg","width":152,"height":61,"caption":"HD Brazing&reg; onderdeel van Aalberts Surface Technologies"},"image":{"@id":"https:\/\/www.hdbrazing.com\/#\/schema\/logo\/image\/"}}]}},"_links":{"self":[{"href":"https:\/\/www.hdbrazing.com\/fr\/wp-json\/wp\/v2\/pages\/6701","targetHints":{"allow":["GET"]}}],"collection":[{"href":"https:\/\/www.hdbrazing.com\/fr\/wp-json\/wp\/v2\/pages"}],"about":[{"href":"https:\/\/www.hdbrazing.com\/fr\/wp-json\/wp\/v2\/types\/page"}],"author":[{"embeddable":true,"href":"https:\/\/www.hdbrazing.com\/fr\/wp-json\/wp\/v2\/users\/2"}],"replies":[{"embeddable":true,"href":"https:\/\/www.hdbrazing.com\/fr\/wp-json\/wp\/v2\/comments?post=6701"}],"version-history":[{"count":7,"href":"https:\/\/www.hdbrazing.com\/fr\/wp-json\/wp\/v2\/pages\/6701\/revisions"}],"predecessor-version":[{"id":6782,"href":"https:\/\/www.hdbrazing.com\/fr\/wp-json\/wp\/v2\/pages\/6701\/revisions\/6782"}],"wp:attachment":[{"href":"https:\/\/www.hdbrazing.com\/fr\/wp-json\/wp\/v2\/media?parent=6701"}],"curies":[{"name":"wp","href":"https:\/\/api.w.org\/{rel}","templated":true}]}}